{"id":11452,"date":"2023-05-22T12:47:07","date_gmt":"2023-05-22T10:47:07","guid":{"rendered":"https:\/\/www.wetzlich.de\/?page_id=11452"},"modified":"2023-11-14T16:17:48","modified_gmt":"2023-11-14T15:17:48","slug":"interview-mig","status":"publish","type":"page","link":"https:\/\/www.wetzlich.de\/en\/company\/interview-mig\/","title":{"rendered":"Interview MIG"},"content":{"rendered":"\t\t<div data-elementor-type=\"wp-page\" data-elementor-id=\"11452\" class=\"elementor elementor-11452 elementor-11131\" data-elementor-post-type=\"page\">\n\t\t\t\t\t\t<section class=\"elementor-section elementor-top-section elementor-element elementor-element-392b9dd elementor-section-height-min-height elementor-section-content-top elementor-section-boxed elementor-section-height-default elementor-section-items-middle\" data-id=\"392b9dd\" data-element_type=\"section\" data-e-type=\"section\" data-settings=\"{&quot;background_background&quot;:&quot;classic&quot;}\">\n\t\t\t\t\t\t\t<div class=\"elementor-background-overlay\"><\/div>\n\t\t\t\t\t\t\t<div class=\"elementor-container elementor-column-gap-no\">\n\t\t\t\t\t<div class=\"elementor-column elementor-col-50 elementor-top-column elementor-element elementor-element-e57c631\" data-id=\"e57c631\" data-element_type=\"column\" data-e-type=\"column\">\n\t\t\t<div class=\"elementor-widget-wrap elementor-element-populated\">\n\t\t\t\t\t\t<div class=\"elementor-element elementor-element-d7bfaee elementor-widget elementor-widget-heading\" data-id=\"d7bfaee\" data-element_type=\"widget\" data-e-type=\"widget\" data-widget_type=\"heading.default\">\n\t\t\t\t<div class=\"elementor-widget-container\">\n\t\t\t\t\t<h1 class=\"elementor-heading-title elementor-size-default\">Brillengl\u00e4ser \u2013 <br>made in Germany<\/h1>\t\t\t\t<\/div>\n\t\t\t\t<\/div>\n\t\t\t\t<div class=\"elementor-element elementor-element-5a64cbb elementor-widget elementor-widget-text-editor\" data-id=\"5a64cbb\" data-element_type=\"widget\" data-e-type=\"widget\" data-widget_type=\"text-editor.default\">\n\t\t\t\t<div class=\"elementor-widget-container\">\n\t\t\t\t\t\t\t\t\t<div class=\"page\" title=\"Page 1\"><div class=\"section\"><div class=\"layoutArea\"><div class=\"column\"><p>Vor- und Nachteile einer heimischen Produktion<\/p><\/div><\/div><\/div><\/div>\t\t\t\t\t\t\t\t<\/div>\n\t\t\t\t<\/div>\n\t\t\t\t\t<\/div>\n\t\t<\/div>\n\t\t\t\t<div class=\"elementor-column elementor-col-50 elementor-top-column elementor-element elementor-element-7d4ccdd elementor-hidden-mobile\" data-id=\"7d4ccdd\" data-element_type=\"column\" data-e-type=\"column\">\n\t\t\t<div class=\"elementor-widget-wrap\">\n\t\t\t\t\t\t\t<\/div>\n\t\t<\/div>\n\t\t\t\t\t<\/div>\n\t\t<\/section>\n\t\t\t\t<section class=\"elementor-section elementor-top-section elementor-element elementor-element-73b3b05 elementor-section-content-middle elementor-section-boxed elementor-section-height-default elementor-section-height-default\" data-id=\"73b3b05\" data-element_type=\"section\" data-e-type=\"section\">\n\t\t\t\t\t\t<div class=\"elementor-container elementor-column-gap-default\">\n\t\t\t\t\t<div class=\"elementor-column elementor-col-50 elementor-top-column elementor-element elementor-element-b7ecd86\" data-id=\"b7ecd86\" data-element_type=\"column\" data-e-type=\"column\">\n\t\t\t<div class=\"elementor-widget-wrap elementor-element-populated\">\n\t\t\t\t\t\t<section class=\"elementor-section elementor-inner-section elementor-element elementor-element-2de7ff1 elementor-section-boxed elementor-section-height-default elementor-section-height-default\" data-id=\"2de7ff1\" data-element_type=\"section\" data-e-type=\"section\">\n\t\t\t\t\t\t<div class=\"elementor-container elementor-column-gap-default\">\n\t\t\t\t\t<div class=\"elementor-column elementor-col-50 elementor-inner-column elementor-element elementor-element-1d8076f\" data-id=\"1d8076f\" data-element_type=\"column\" data-e-type=\"column\">\n\t\t\t<div class=\"elementor-widget-wrap elementor-element-populated\">\n\t\t\t\t\t\t<div class=\"elementor-element elementor-element-9e6264d elementor-widget elementor-widget-image\" data-id=\"9e6264d\" data-element_type=\"widget\" data-e-type=\"widget\" data-widget_type=\"image.default\">\n\t\t\t\t<div class=\"elementor-widget-container\">\n\t\t\t\t\t\t\t\t\t\t\t\t\t\t\t<img fetchpriority=\"high\" decoding=\"async\" width=\"800\" height=\"800\" src=\"https:\/\/www.wetzlich.de\/wp-content\/uploads\/2023\/05\/florian-gisch-quadrat-1024x1024.jpg\" class=\"attachment-large size-large wp-image-11060\" alt=\"Florian Gisch, Wetzlich\" srcset=\"https:\/\/www.wetzlich.de\/wp-content\/uploads\/2023\/05\/florian-gisch-quadrat-1024x1024.jpg 1024w, https:\/\/www.wetzlich.de\/wp-content\/uploads\/2023\/05\/florian-gisch-quadrat-300x300.jpg 300w, https:\/\/www.wetzlich.de\/wp-content\/uploads\/2023\/05\/florian-gisch-quadrat-150x150.jpg 150w, https:\/\/www.wetzlich.de\/wp-content\/uploads\/2023\/05\/florian-gisch-quadrat-768x768.jpg 768w, https:\/\/www.wetzlich.de\/wp-content\/uploads\/2023\/05\/florian-gisch-quadrat.jpg 1200w\" sizes=\"(max-width: 800px) 100vw, 800px\" \/>\t\t\t\t\t\t\t\t\t\t\t\t\t\t\t<\/div>\n\t\t\t\t<\/div>\n\t\t\t\t\t<\/div>\n\t\t<\/div>\n\t\t\t\t<div class=\"elementor-column elementor-col-50 elementor-inner-column elementor-element elementor-element-7aa0175 lastpnomargin\" data-id=\"7aa0175\" data-element_type=\"column\" data-e-type=\"column\">\n\t\t\t<div class=\"elementor-widget-wrap elementor-element-populated\">\n\t\t\t\t\t\t<div class=\"elementor-element elementor-element-1774776 elementor-widget elementor-widget-text-editor\" data-id=\"1774776\" data-element_type=\"widget\" data-e-type=\"widget\" data-widget_type=\"text-editor.default\">\n\t\t\t\t<div class=\"elementor-widget-container\">\n\t\t\t\t\t\t\t\t\t<p>Florian Gisch, Gesch\u00e4ftsf\u00fchrer von Wetzlich, gibt im Interview <b>\u201eBrillengl\u00e4ser\u00a0\u2013\u00a0made\u00a0in\u00a0Germany\u201c<\/b> interessante Einblicke in die Vor- und Nachteile einer heimischen Produktion.<\/p>\t\t\t\t\t\t\t\t<\/div>\n\t\t\t\t<\/div>\n\t\t\t\t\t<\/div>\n\t\t<\/div>\n\t\t\t\t\t<\/div>\n\t\t<\/section>\n\t\t\t\t\t<\/div>\n\t\t<\/div>\n\t\t\t\t<div class=\"elementor-column elementor-col-50 elementor-top-column elementor-element elementor-element-bed9ca8\" data-id=\"bed9ca8\" data-element_type=\"column\" data-e-type=\"column\">\n\t\t\t<div class=\"elementor-widget-wrap\">\n\t\t\t\t\t\t\t<\/div>\n\t\t<\/div>\n\t\t\t\t\t<\/div>\n\t\t<\/section>\n\t\t\t\t<section class=\"elementor-section elementor-top-section elementor-element elementor-element-f1d5e11 elementor-section-boxed elementor-section-height-default elementor-section-height-default\" data-id=\"f1d5e11\" data-element_type=\"section\" data-e-type=\"section\">\n\t\t\t\t\t\t<div class=\"elementor-container elementor-column-gap-default\">\n\t\t\t\t\t<div class=\"elementor-column elementor-col-50 elementor-top-column elementor-element elementor-element-0540228\" data-id=\"0540228\" data-element_type=\"column\" data-e-type=\"column\">\n\t\t\t<div class=\"elementor-widget-wrap elementor-element-populated\">\n\t\t\t\t\t\t<div class=\"elementor-element elementor-element-671dd6d elementor-widget elementor-widget-text-editor\" data-id=\"671dd6d\" data-element_type=\"widget\" data-e-type=\"widget\" data-widget_type=\"text-editor.default\">\n\t\t\t\t<div class=\"elementor-widget-container\">\n\t\t\t\t\t\t\t\t\t<p>Viele deutsche Unternehmen verlagern ihre Produktionssta\u0308tten ins Ausland. Der Brillenglashersteller Wetzlich Optik-Pra\u0308zision entschied sich im Jahr 2014 bewusst gegen diesen Trend und entwickelt und produziert seine Brillengla\u0308ser seitdem wieder konsequent in Deutschland. Florian Gisch, Gescha\u0308fsfu\u0308hrer des mittelsta\u0308ndischen Unternehmens, bekennt sich im Interview zum Standort Deutschland und zu den Brillengla\u0308sern \u201eMade in Germany\u201c.<\/p><h2>Wieso produziert Wetzlich in Deutschland?<\/h2><p>Wir glauben an den Mehrwert \u201eMade in Germany\u201c, der oftmals im Ausland einen ho\u0308heren Stellenwert besitzt als bei uns. Die optische Industrie hat in Deutschland eine lange Historie und gilt als Traditionsbranche. Neben diesem eher emotionalen Aspekt gibt es jedoch auch viele sachliche Gru\u0308nde, die fu\u0308r eine Produktion in Deutschland sprechen. Zu Beginn der Jahrtausendwende erlagen wir, wie viele andere Unternehmen auch, der Versuchung der Globalisierung. Allerdings fu\u0308hrte die anteilige Auslagerung der Produktion nach Asien zu schwankenden Qualita\u0308tsstandards, einem riesigen Abstimmungsaufwand und dem Verlust von Produktionskompetenz. Dies fu\u0308hrte zu vielen Abha\u0308ngigkeiten und \u2013 was noch viel schwerwiegender<\/p><p>war \u2013 einer vo\u0308lligen Vereinheitlichung der angebotenen Produkte im Markt. Denn wer glaubt, als einziger auf die Idee gekommen zu sein, im Ausland zu produzieren, irrt sich. Das Ergebnis stellt fu\u0308r den Kunden aus unserer Sicht keinen Mehrwert dar. Daher haben wir im Jahr 2014 den Entschluss gefasst, die gesamte Produktion bis auf wenige Ausnahmen wieder nach Deutschland zuru\u0308ckzuholen. Das war eine a\u0308u\u00dferst sportliche Aufgabe, die wir allerdings nie bereut haben.<\/p><h2>Welche Risiken sehen Sie bei einer Produktion im Ausland?<\/h2><p>Auf den ersten Blick bietet die kostengu\u0308nstigere Produktion im Ausland viele Vorteile \u2013 solange es nicht den eigenen Arbeitsplatz betrifft. Denn eine Sache ist Fakt: Arbeitskra\u0308fte sind woanders gu\u0308nstiger. Allerdings bringen uns billig produzierte Produkte nichts, wenn dadurch im eigenen Land keine Kaufkraft mehr vorhanden ist. Wir stellen uns deswegen der Standortherausforderung und glauben daran, dass die vielen Mo\u0308glichkeiten der Automatisierung, die die Na\u0308he zu den Maschinenherstellern bietet, mittelfristig den Kostennachteil zur Fernost-Produktion ausgleichen werden. Ein wesentlicher Aspekt ist fu\u0308r uns auch, alle Schritte von der Produktentwicklung bis zum fertigen Glas unter einem Dach vereinen zu ko\u0308nnen. Das erspart Reisen, U\u0308berwachungsinstanzen und sorgt zudem fu\u0308r einen schnellen und unkomplizierten Austausch zwischen den Abteilungen. So ko\u0308nnen wir neue Technologien schneller an den Markt und die optimale Qualita\u0308t der Produkte garantieren.<\/p><h2>Welche Rolle spielt fu\u0308r Sie das Thema Umweltschutz?<\/h2><p>Nahezu sa\u0308mtliche Maschinen fu\u0308r die weltweite Brillenglas-Produktion werden in Deutschland gebaut und dann ans andere Ende der Welt transportiert. Anschlie\u00dfend kommen die Brillengla\u0308ser in ta\u0308glichen Lieferungen per Luftfracht wieder zuru\u0308ck \u2013 diesen hohen CO2-Aussto\u00df sparen wir ein. Vielen Menschen ist zudem gar nicht bewusst, dass fu\u0308r die Herstellung von Brillengla\u0308sern sehr viel Wasser beno\u0308tigt wird. Es gibt sicherlich nicht viele\u00a0La\u0308nder auf der Welt, in denen die Aufbereitung und Einleitung von Wasser so sorgfa\u0308ltig u\u0308berwacht wird wie in Deutschland, so dass wir auch hier ein Maximum an Umweltfreundlichkeit garantieren ko\u0308nnen.<\/p><h2>Gibt es auch Schwierigkeiten bei \u201eMade in Germany\u201c?<\/h2><p>Bei allen Vorteilen hat der Standort Deutschland natu\u0308rlich auch seine Tu\u0308cken. Ein wesentlicher Nachteil sind in einer energieintensiven Branche\u00a0die Energiepreise. Das verzerrt den Wettbewerb und mu\u0308sste aus unserer Sicht zumindest europaweit einheitlicher geregelt werden. Eine weitere Schwierigkeit ist die Rekrutierung von Mitarbeiterinnen und Mitarbeitern. Weil die Anzahl der in Deutschland fertigenden Betriebe in der Optikbranchesta\u0308ndig sinkt, ist es schon ein absoluter Glu\u0308cksgriff, Fachkra\u0308fte mit Vorkenntnissen in diesem Bereich zu finden.<\/p><h2>Wenn wir den Blick nach vorne richten:\u00a0<br \/>Wo steht die Produktion von Wetzlich in der Zukunft?<\/h2><p>Wir werden auch in Zukunft weiter in Deutschland produzieren. Fu\u0308r uns als Traditionsunternehmen ist es ein ho\u0308chst emotionaler Aspekt, aber auch unser Anspruch an Qualita\u0308t, die Herstellung vor Ort zu haben. Wir stehen auch weiterhin zum Thema \u201eArbeitsplatzsicherung\u201c. Es bringt letztendlich niemandem etwas, wenn in unseren Regalen haufenweise gu\u0308nstig produzierte Waren stehen, die sich aber niemand mehr leisten kann. Ich denke, wir sollten diese Entwicklung nicht unterscha\u0308tzen. Eine gu\u0308nstige Produktion ist eben nur die eine Seite der Medaille.<\/p>\t\t\t\t\t\t\t\t<\/div>\n\t\t\t\t<\/div>\n\t\t\t\t\t<\/div>\n\t\t<\/div>\n\t\t\t\t<div class=\"elementor-column elementor-col-50 elementor-top-column elementor-element elementor-element-a12b453\" data-id=\"a12b453\" data-element_type=\"column\" data-e-type=\"column\">\n\t\t\t<div class=\"elementor-widget-wrap\">\n\t\t\t\t\t\t\t<\/div>\n\t\t<\/div>\n\t\t\t\t\t<\/div>\n\t\t<\/section>\n\t\t\t\t<section class=\"elementor-section elementor-top-section elementor-element elementor-element-bfd7de3 elementor-section-content-top elementor-section-boxed elementor-section-height-default elementor-section-height-default\" data-id=\"bfd7de3\" data-element_type=\"section\" data-e-type=\"section\" data-settings=\"{&quot;background_background&quot;:&quot;classic&quot;}\">\n\t\t\t\t\t\t<div class=\"elementor-container elementor-column-gap-no\">\n\t\t\t\t\t<div class=\"elementor-column elementor-col-100 elementor-top-column elementor-element elementor-element-c375734\" data-id=\"c375734\" data-element_type=\"column\" data-e-type=\"column\">\n\t\t\t<div class=\"elementor-widget-wrap elementor-element-populated\">\n\t\t\t\t\t\t<div class=\"elementor-element elementor-element-ab0066d elementor-widget elementor-widget-heading\" data-id=\"ab0066d\" data-element_type=\"widget\" data-e-type=\"widget\" data-widget_type=\"heading.default\">\n\t\t\t\t<div class=\"elementor-widget-container\">\n\t\t\t\t\t<h2 class=\"elementor-heading-title elementor-size-default\">Haben Sie Fragen zu unserem Unternehmen oder ein anderes Anliegen?<\/h2>\t\t\t\t<\/div>\n\t\t\t\t<\/div>\n\t\t\t\t<section class=\"elementor-section elementor-inner-section elementor-element elementor-element-75aa5e1 elementor-section-boxed elementor-section-height-default elementor-section-height-default\" data-id=\"75aa5e1\" data-element_type=\"section\" data-e-type=\"section\">\n\t\t\t\t\t\t<div class=\"elementor-container elementor-column-gap-default\">\n\t\t\t\t\t<div class=\"elementor-column elementor-col-33 elementor-inner-column elementor-element elementor-element-028b93c\" data-id=\"028b93c\" data-element_type=\"column\" data-e-type=\"column\">\n\t\t\t<div class=\"elementor-widget-wrap elementor-element-populated\">\n\t\t\t\t\t\t<div class=\"elementor-element elementor-element-2ba8f70 elementor-widget elementor-widget-text-editor\" data-id=\"2ba8f70\" data-element_type=\"widget\" data-e-type=\"widget\" data-widget_type=\"text-editor.default\">\n\t\t\t\t<div class=\"elementor-widget-container\">\n\t\t\t\t\t\t\t\t\t<p>Rufen Sie uns an oder schreiben Sie uns!<\/p>\t\t\t\t\t\t\t\t<\/div>\n\t\t\t\t<\/div>\n\t\t\t\t\t<\/div>\n\t\t<\/div>\n\t\t\t\t<div class=\"elementor-column elementor-col-33 elementor-inner-column elementor-element elementor-element-c3c8f2b\" data-id=\"c3c8f2b\" data-element_type=\"column\" data-e-type=\"column\">\n\t\t\t<div class=\"elementor-widget-wrap elementor-element-populated\">\n\t\t\t\t\t\t<div class=\"elementor-element elementor-element-246b8e8 elementor-icon-list--layout-traditional elementor-list-item-link-full_width elementor-widget elementor-widget-icon-list\" data-id=\"246b8e8\" data-element_type=\"widget\" data-e-type=\"widget\" data-widget_type=\"icon-list.default\">\n\t\t\t\t<div class=\"elementor-widget-container\">\n\t\t\t\t\t\t\t<ul class=\"elementor-icon-list-items\">\n\t\t\t\t\t\t\t<li class=\"elementor-icon-list-item\">\n\t\t\t\t\t\t\t\t\t\t\t<a href=\"tel:+49216156330\">\n\n\t\t\t\t\t\t\t\t\t\t\t\t<span class=\"elementor-icon-list-icon\">\n\t\t\t\t\t\t\t<i aria-hidden=\"true\" class=\"fas fa-phone\"><\/i>\t\t\t\t\t\t<\/span>\n\t\t\t\t\t\t\t\t\t\t<span class=\"elementor-icon-list-text\">+49 2161 56 33 - 0<\/span>\n\t\t\t\t\t\t\t\t\t\t\t<\/a>\n\t\t\t\t\t\t\t\t\t<\/li>\n\t\t\t\t\t\t\t\t<li class=\"elementor-icon-list-item\">\n\t\t\t\t\t\t\t\t\t\t\t<a href=\"mailto:info@wetzlich.de\">\n\n\t\t\t\t\t\t\t\t\t\t\t\t<span class=\"elementor-icon-list-icon\">\n\t\t\t\t\t\t\t<i aria-hidden=\"true\" class=\"far fa-envelope\"><\/i>\t\t\t\t\t\t<\/span>\n\t\t\t\t\t\t\t\t\t\t<span class=\"elementor-icon-list-text\">info@wetzlich.de<\/span>\n\t\t\t\t\t\t\t\t\t\t\t<\/a>\n\t\t\t\t\t\t\t\t\t<\/li>\n\t\t\t\t\t\t<\/ul>\n\t\t\t\t\t\t<\/div>\n\t\t\t\t<\/div>\n\t\t\t\t\t<\/div>\n\t\t<\/div>\n\t\t\t\t<div class=\"elementor-column elementor-col-33 elementor-inner-column elementor-element elementor-element-8757d1b\" data-id=\"8757d1b\" data-element_type=\"column\" data-e-type=\"column\">\n\t\t\t<div class=\"elementor-widget-wrap elementor-element-populated\">\n\t\t\t\t\t\t<div class=\"elementor-element elementor-element-1dc5314 elementor-widget elementor-widget-button\" data-id=\"1dc5314\" data-element_type=\"widget\" data-e-type=\"widget\" data-widget_type=\"button.default\">\n\t\t\t\t<div class=\"elementor-widget-container\">\n\t\t\t\t\t\t\t\t\t<div class=\"elementor-button-wrapper\">\n\t\t\t\t\t<a class=\"elementor-button elementor-button-link elementor-size-sm\" href=\"https:\/\/www.wetzlich.de\/optikersuche\/\" rel=\"nofollow\">\n\t\t\t\t\t\t<span class=\"elementor-button-content-wrapper\">\n\t\t\t\t\t\t<span class=\"elementor-button-icon\">\n\t\t\t\t<i aria-hidden=\"true\" class=\"fas fa-glasses\"><\/i>\t\t\t<\/span>\n\t\t\t\t\t\t\t\t\t<span class=\"elementor-button-text\">Optiker finden<\/span>\n\t\t\t\t\t<\/span>\n\t\t\t\t\t<\/a>\n\t\t\t\t<\/div>\n\t\t\t\t\t\t\t\t<\/div>\n\t\t\t\t<\/div>\n\t\t\t\t\t<\/div>\n\t\t<\/div>\n\t\t\t\t\t<\/div>\n\t\t<\/section>\n\t\t\t\t\t<\/div>\n\t\t<\/div>\n\t\t\t\t\t<\/div>\n\t\t<\/section>\n\t\t\t\t<section class=\"elementor-section elementor-top-section elementor-element elementor-element-61dd060 elementor-section-content-middle elementor-section-boxed elementor-section-height-default elementor-section-height-default\" data-id=\"61dd060\" data-element_type=\"section\" data-e-type=\"section\">\n\t\t\t\t\t\t<div class=\"elementor-container elementor-column-gap-no\">\n\t\t\t\t\t<div class=\"elementor-column elementor-col-50 elementor-top-column elementor-element elementor-element-75c8303\" data-id=\"75c8303\" data-element_type=\"column\" data-e-type=\"column\">\n\t\t\t<div class=\"elementor-widget-wrap elementor-element-populated\">\n\t\t\t\t\t\t<div class=\"elementor-element elementor-element-0936ab6 elementor-widget elementor-widget-image\" data-id=\"0936ab6\" data-element_type=\"widget\" data-e-type=\"widget\" data-widget_type=\"image.default\">\n\t\t\t\t<div class=\"elementor-widget-container\">\n\t\t\t\t\t\t\t\t\t\t\t\t\t\t\t<img decoding=\"async\" width=\"391\" height=\"424\" src=\"https:\/\/www.wetzlich.de\/wp-content\/uploads\/2021\/05\/brillenglaeser-made-in-germany-logo.jpg\" class=\"attachment-large size-large wp-image-6648\" alt=\"Brillengl\u00e4ser Made in Germany\" srcset=\"https:\/\/www.wetzlich.de\/wp-content\/uploads\/2021\/05\/brillenglaeser-made-in-germany-logo.jpg 391w, https:\/\/www.wetzlich.de\/wp-content\/uploads\/2021\/05\/brillenglaeser-made-in-germany-logo-277x300.jpg 277w\" sizes=\"(max-width: 391px) 100vw, 391px\" \/>\t\t\t\t\t\t\t\t\t\t\t\t\t\t\t<\/div>\n\t\t\t\t<\/div>\n\t\t\t\t\t<\/div>\n\t\t<\/div>\n\t\t\t\t<div class=\"elementor-column elementor-col-50 elementor-top-column elementor-element elementor-element-7824f17\" data-id=\"7824f17\" data-element_type=\"column\" data-e-type=\"column\">\n\t\t\t<div class=\"elementor-widget-wrap elementor-element-populated\">\n\t\t\t\t\t\t<div class=\"elementor-element elementor-element-beb2b30 elementor-widget elementor-widget-heading\" data-id=\"beb2b30\" data-element_type=\"widget\" data-e-type=\"widget\" data-widget_type=\"heading.default\">\n\t\t\t\t<div class=\"elementor-widget-container\">\n\t\t\t\t\t<h2 class=\"elementor-heading-title elementor-size-default\">\u00dcber Wetzlich<\/h2>\t\t\t\t<\/div>\n\t\t\t\t<\/div>\n\t\t\t\t<div class=\"elementor-element elementor-element-620b0a8 elementor-widget elementor-widget-text-editor\" data-id=\"620b0a8\" data-element_type=\"widget\" data-e-type=\"widget\" data-widget_type=\"text-editor.default\">\n\t\t\t\t<div class=\"elementor-widget-container\">\n\t\t\t\t\t\t\t\t\t<p><strong>Schon seit 1935 fertigen wir Brillengl\u00e4ser mit h\u00f6chster Pr\u00e4zision und Innovationskraft in Deutschland an unserem Standort in Viersen am Niederrhein<\/strong>.<\/p>\n<p>Wir sorgen nicht nur daf\u00fcr, dass Sie mit unseren Produkten einfach besser und mehr sehen. Bereits seit Jahren entwickeln wir Brillengl\u00e4ser, die Ihre Augen optimal sch\u00fctzen. Dazu geh\u00f6ren beispielsweise unsere UV- und Infrarotschutz-Beschichtung sowie innovative Brillenglasmaterialien, die blaues Licht filtern und kontraststeigernd wirken.<\/p>\n<p>Mit einem der modernsten europ\u00e4ischen Maschinenparks stehen wir als <a href=\"https:\/\/www.wetzlich.de\/\">Brillenglashersteller in Deutschland<\/a> f\u00fcr fortschrittliche Produkte mit h\u00f6chsten Qualit\u00e4tsanspr\u00fcchen zu fairen Preisen.<\/p>\n<p>Brillengl\u00e4ser von Wetzlich erhalten Sie beim Augenoptiker. Sprechen Sie ihn einfach auf unsere Gl\u00e4ser an oder finden Sie einen Wetzlich-Partneroptiker in unserer <a href=\"https:\/\/www.wetzlich.de\/optikersuche\/\" target=\"_blank\" rel=\"noopener nofollow\">Optikersuche<\/a>.<\/p>\t\t\t\t\t\t\t\t<\/div>\n\t\t\t\t<\/div>\n\t\t\t\t<div class=\"elementor-element elementor-element-32a2cf7 elementor-widget__width-auto elementor-align-center elementor-widget elementor-widget-button\" data-id=\"32a2cf7\" data-element_type=\"widget\" data-e-type=\"widget\" data-widget_type=\"button.default\">\n\t\t\t\t<div class=\"elementor-widget-container\">\n\t\t\t\t\t\t\t\t\t<div class=\"elementor-button-wrapper\">\n\t\t\t\t\t<a class=\"elementor-button elementor-button-link elementor-size-sm\" href=\"https:\/\/www.wetzlich.de\/kontakt\/\" rel=\"nofollow\">\n\t\t\t\t\t\t<span class=\"elementor-button-content-wrapper\">\n\t\t\t\t\t\t<span class=\"elementor-button-icon\">\n\t\t\t\t<i aria-hidden=\"true\" class=\"fas fa-chevron-right\"><\/i>\t\t\t<\/span>\n\t\t\t\t\t\t\t\t\t<span class=\"elementor-button-text\">Kontakt zu uns<\/span>\n\t\t\t\t\t<\/span>\n\t\t\t\t\t<\/a>\n\t\t\t\t<\/div>\n\t\t\t\t\t\t\t\t<\/div>\n\t\t\t\t<\/div>\n\t\t\t\t<div class=\"elementor-element elementor-element-113b055 elementor-widget__width-auto elementor-align-center elementor-widget elementor-widget-button\" data-id=\"113b055\" data-element_type=\"widget\" data-e-type=\"widget\" data-widget_type=\"button.default\">\n\t\t\t\t<div class=\"elementor-widget-container\">\n\t\t\t\t\t\t\t\t\t<div class=\"elementor-button-wrapper\">\n\t\t\t\t\t<a class=\"elementor-button elementor-button-link elementor-size-sm\" href=\"https:\/\/www.wetzlich.de\/optikersuche\/\" rel=\"nofollow\">\n\t\t\t\t\t\t<span class=\"elementor-button-content-wrapper\">\n\t\t\t\t\t\t<span class=\"elementor-button-icon\">\n\t\t\t\t<i aria-hidden=\"true\" class=\"fas fa-glasses\"><\/i>\t\t\t<\/span>\n\t\t\t\t\t\t\t\t\t<span class=\"elementor-button-text\">Optiker finden<\/span>\n\t\t\t\t\t<\/span>\n\t\t\t\t\t<\/a>\n\t\t\t\t<\/div>\n\t\t\t\t\t\t\t\t<\/div>\n\t\t\t\t<\/div>\n\t\t\t\t\t<\/div>\n\t\t<\/div>\n\t\t\t\t\t<\/div>\n\t\t<\/section>\n\t\t\t\t<\/div>\n\t\t","protected":false},"excerpt":{"rendered":"<p>Brillengl\u00e4ser \u2013 made in Germany Vor- und Nachteile einer heimischen Produktion Florian Gisch, Gesch\u00e4ftsf\u00fchrer von Wetzlich, gibt im Interview \u201eBrillengl\u00e4ser\u00a0\u2013\u00a0made\u00a0in\u00a0Germany\u201c interessante Einblicke in die Vor- und Nachteile einer heimischen Produktion. Viele deutsche Unternehmen verlagern ihre Produktionssta\u0308tten ins Ausland. Der Brillenglashersteller Wetzlich Optik-Pra\u0308zision entschied sich im Jahr 2014 bewusst gegen diesen Trend und entwickelt und produziert [&hellip;]<\/p>\n","protected":false},"author":8,"featured_media":0,"parent":5878,"menu_order":0,"comment_status":"closed","ping_status":"closed","template":"elementor_header_footer","meta":{"footnotes":""},"categories":[],"tags":[],"class_list":["post-11452","page","type-page","status-publish","hentry"],"_links":{"self":[{"href":"https:\/\/www.wetzlich.de\/en\/wp-json\/wp\/v2\/pages\/11452","targetHints":{"allow":["GET"]}}],"collection":[{"href":"https:\/\/www.wetzlich.de\/en\/wp-json\/wp\/v2\/pages"}],"about":[{"href":"https:\/\/www.wetzlich.de\/en\/wp-json\/wp\/v2\/types\/page"}],"author":[{"embeddable":true,"href":"https:\/\/www.wetzlich.de\/en\/wp-json\/wp\/v2\/users\/8"}],"replies":[{"embeddable":true,"href":"https:\/\/www.wetzlich.de\/en\/wp-json\/wp\/v2\/comments?post=11452"}],"version-history":[{"count":4,"href":"https:\/\/www.wetzlich.de\/en\/wp-json\/wp\/v2\/pages\/11452\/revisions"}],"predecessor-version":[{"id":14233,"href":"https:\/\/www.wetzlich.de\/en\/wp-json\/wp\/v2\/pages\/11452\/revisions\/14233"}],"up":[{"embeddable":true,"href":"https:\/\/www.wetzlich.de\/en\/wp-json\/wp\/v2\/pages\/5878"}],"wp:attachment":[{"href":"https:\/\/www.wetzlich.de\/en\/wp-json\/wp\/v2\/media?parent=11452"}],"wp:term":[{"taxonomy":"category","embeddable":true,"href":"https:\/\/www.wetzlich.de\/en\/wp-json\/wp\/v2\/categories?post=11452"},{"taxonomy":"post_tag","embeddable":true,"href":"https:\/\/www.wetzlich.de\/en\/wp-json\/wp\/v2\/tags?post=11452"}],"curies":[{"name":"wp","href":"https:\/\/api.w.org\/{rel}","templated":true}]}}