{"id":5764,"date":"2021-02-14T17:37:32","date_gmt":"2021-02-14T16:37:32","guid":{"rendered":"https:\/\/wetzlich.detayls-dev.de\/?page_id=5764"},"modified":"2025-08-27T12:53:57","modified_gmt":"2025-08-27T10:53:57","slug":"products","status":"publish","type":"page","link":"https:\/\/www.wetzlich.de\/en\/products\/","title":{"rendered":"Products"},"content":{"rendered":"\t\t<div data-elementor-type=\"wp-page\" data-elementor-id=\"5764\" class=\"elementor elementor-5764 elementor-566\" data-elementor-post-type=\"page\">\n\t\t\t\t\t\t<section class=\"elementor-section elementor-top-section elementor-element elementor-element-684be0c elementor-section-height-min-height elementor-section-content-top elementor-section-items-top elementor-section-boxed elementor-section-height-default\" data-id=\"684be0c\" data-element_type=\"section\" data-e-type=\"section\" data-settings=\"{&quot;background_background&quot;:&quot;classic&quot;}\">\n\t\t\t\t\t\t\t<div class=\"elementor-background-overlay\"><\/div>\n\t\t\t\t\t\t\t<div class=\"elementor-container elementor-column-gap-no\">\n\t\t\t\t\t<div class=\"elementor-column elementor-col-50 elementor-top-column elementor-element elementor-element-ba9d5ab\" data-id=\"ba9d5ab\" data-element_type=\"column\" data-e-type=\"column\">\n\t\t\t<div class=\"elementor-widget-wrap elementor-element-populated\">\n\t\t\t\t\t\t<div class=\"elementor-element elementor-element-3a7467d elementor-widget elementor-widget-heading\" data-id=\"3a7467d\" data-element_type=\"widget\" data-e-type=\"widget\" data-widget_type=\"heading.default\">\n\t\t\t\t<div class=\"elementor-widget-container\">\n\t\t\t\t\t<h1 class=\"elementor-heading-title elementor-size-default\">LENSES BY Wetzlich<\/h1>\t\t\t\t<\/div>\n\t\t\t\t<\/div>\n\t\t\t\t<div class=\"elementor-element elementor-element-aea6ea5 elementor-widget elementor-widget-text-editor\" data-id=\"aea6ea5\" data-element_type=\"widget\" data-e-type=\"widget\" data-widget_type=\"text-editor.default\">\n\t\t\t\t<div class=\"elementor-widget-container\">\n\t\t\t\t\t\t\t\t\t<p>Find out more about lenses by WETZLICH \u2013 quality made in Germany.<\/p>\t\t\t\t\t\t\t\t<\/div>\n\t\t\t\t<\/div>\n\t\t\t\t\t<\/div>\n\t\t<\/div>\n\t\t\t\t<div class=\"elementor-column elementor-col-50 elementor-top-column elementor-element elementor-element-e111cae elementor-hidden-mobile\" data-id=\"e111cae\" data-element_type=\"column\" data-e-type=\"column\">\n\t\t\t<div class=\"elementor-widget-wrap\">\n\t\t\t\t\t\t\t<\/div>\n\t\t<\/div>\n\t\t\t\t\t<\/div>\n\t\t<\/section>\n\t\t\t\t<section class=\"elementor-section elementor-top-section elementor-element elementor-element-bac9d2f elementor-section-boxed elementor-section-height-default elementor-section-height-default\" data-id=\"bac9d2f\" data-element_type=\"section\" data-e-type=\"section\">\n\t\t\t\t\t\t<div class=\"elementor-container elementor-column-gap-wide\">\n\t\t\t\t\t<div class=\"elementor-column elementor-col-33 elementor-top-column elementor-element elementor-element-0923ac1\" data-id=\"0923ac1\" data-element_type=\"column\" data-e-type=\"column\">\n\t\t\t<div class=\"elementor-widget-wrap elementor-element-populated\">\n\t\t\t\t\t\t<div class=\"elementor-element elementor-element-8115da9 elementor-widget elementor-widget-image\" data-id=\"8115da9\" data-element_type=\"widget\" data-e-type=\"widget\" data-widget_type=\"image.default\">\n\t\t\t\t<div class=\"elementor-widget-container\">\n\t\t\t\t\t\t\t\t\t\t\t\t\t\t\t\t<a href=\"https:\/\/www.wetzlich.de\/produkte\/einstaerkenglaeser\/\">\n\t\t\t\t\t\t\t<img fetchpriority=\"high\" decoding=\"async\" width=\"768\" height=\"383\" src=\"https:\/\/www.wetzlich.de\/wp-content\/uploads\/2025\/03\/einstaerkenglaeser-brille-wetzlich-1-1-768x383.jpg\" class=\"attachment-medium_large size-medium_large wp-image-24494\" alt=\"\" srcset=\"https:\/\/www.wetzlich.de\/wp-content\/uploads\/2025\/03\/einstaerkenglaeser-brille-wetzlich-1-1-768x383.jpg 768w, https:\/\/www.wetzlich.de\/wp-content\/uploads\/2025\/03\/einstaerkenglaeser-brille-wetzlich-1-1-300x150.jpg 300w, https:\/\/www.wetzlich.de\/wp-content\/uploads\/2025\/03\/einstaerkenglaeser-brille-wetzlich-1-1-1024x511.jpg 1024w, https:\/\/www.wetzlich.de\/wp-content\/uploads\/2025\/03\/einstaerkenglaeser-brille-wetzlich-1-1-1536x767.jpg 1536w, https:\/\/www.wetzlich.de\/wp-content\/uploads\/2025\/03\/einstaerkenglaeser-brille-wetzlich-1-1.jpg 1903w\" sizes=\"(max-width: 768px) 100vw, 768px\" \/>\t\t\t\t\t\t\t\t<\/a>\n\t\t\t\t\t\t\t\t\t\t\t\t\t\t\t<\/div>\n\t\t\t\t<\/div>\n\t\t\t\t<div class=\"elementor-element elementor-element-7c03735 elementor-widget elementor-widget-heading\" data-id=\"7c03735\" data-element_type=\"widget\" data-e-type=\"widget\" data-widget_type=\"heading.default\">\n\t\t\t\t<div class=\"elementor-widget-container\">\n\t\t\t\t\t<h2 class=\"elementor-heading-title elementor-size-default\">Single-Vision Lenses<\/h2>\t\t\t\t<\/div>\n\t\t\t\t<\/div>\n\t\t\t\t<div class=\"elementor-element elementor-element-afb0cb2 elementor-widget elementor-widget-text-editor\" data-id=\"afb0cb2\" data-element_type=\"widget\" data-e-type=\"widget\" data-widget_type=\"text-editor.default\">\n\t\t\t\t<div class=\"elementor-widget-container\">\n\t\t\t\t\t\t\t\t\t<p>The single vision lenses of WETZLICH\u00a0ensure optimum vision. Aspherical and multi-aspherical lenses in particular ensure less distortion.<\/p>\t\t\t\t\t\t\t\t<\/div>\n\t\t\t\t<\/div>\n\t\t\t\t<div class=\"elementor-element elementor-element-feec0e4 elementor-widget elementor-widget-button\" data-id=\"feec0e4\" data-element_type=\"widget\" data-e-type=\"widget\" data-widget_type=\"button.default\">\n\t\t\t\t<div class=\"elementor-widget-container\">\n\t\t\t\t\t\t\t\t\t<div class=\"elementor-button-wrapper\">\n\t\t\t\t\t<a class=\"elementor-button elementor-button-link elementor-size-sm\" href=\"https:\/\/www.wetzlich.de\/en\/products\/single-vision-lenses\/\">\n\t\t\t\t\t\t<span class=\"elementor-button-content-wrapper\">\n\t\t\t\t\t\t<span class=\"elementor-button-icon\">\n\t\t\t\t<i aria-hidden=\"true\" class=\"fas fa-chevron-right\"><\/i>\t\t\t<\/span>\n\t\t\t\t\t\t\t\t\t<span class=\"elementor-button-text\">Single-Vision Lenses<\/span>\n\t\t\t\t\t<\/span>\n\t\t\t\t\t<\/a>\n\t\t\t\t<\/div>\n\t\t\t\t\t\t\t\t<\/div>\n\t\t\t\t<\/div>\n\t\t\t\t\t<\/div>\n\t\t<\/div>\n\t\t\t\t<div class=\"elementor-column elementor-col-33 elementor-top-column elementor-element elementor-element-d28c91f\" data-id=\"d28c91f\" data-element_type=\"column\" data-e-type=\"column\">\n\t\t\t<div class=\"elementor-widget-wrap elementor-element-populated\">\n\t\t\t\t\t\t<div class=\"elementor-element elementor-element-795c577 elementor-widget elementor-widget-image\" data-id=\"795c577\" data-element_type=\"widget\" data-e-type=\"widget\" data-widget_type=\"image.default\">\n\t\t\t\t<div class=\"elementor-widget-container\">\n\t\t\t\t\t\t\t\t\t\t\t\t\t\t\t\t<a href=\"https:\/\/www.wetzlich.de\/en\/products\/progressive-lenses\/\">\n\t\t\t\t\t\t\t<img decoding=\"async\" width=\"800\" height=\"399\" src=\"https:\/\/www.wetzlich.de\/wp-content\/uploads\/2025\/04\/gleitsichtglaeser-brille-wetzlich-1024x511.jpg\" class=\"attachment-large size-large wp-image-25388\" alt=\"Gleitsichtbrillen\nBeste Sicht, bester Tragekomfort und Spontanvertr\u00e4glichkeit\" srcset=\"https:\/\/www.wetzlich.de\/wp-content\/uploads\/2025\/04\/gleitsichtglaeser-brille-wetzlich-1024x511.jpg 1024w, https:\/\/www.wetzlich.de\/wp-content\/uploads\/2025\/04\/gleitsichtglaeser-brille-wetzlich-300x150.jpg 300w, https:\/\/www.wetzlich.de\/wp-content\/uploads\/2025\/04\/gleitsichtglaeser-brille-wetzlich-768x383.jpg 768w, https:\/\/www.wetzlich.de\/wp-content\/uploads\/2025\/04\/gleitsichtglaeser-brille-wetzlich-1536x767.jpg 1536w, https:\/\/www.wetzlich.de\/wp-content\/uploads\/2025\/04\/gleitsichtglaeser-brille-wetzlich.jpg 1903w\" sizes=\"(max-width: 800px) 100vw, 800px\" \/>\t\t\t\t\t\t\t\t<\/a>\n\t\t\t\t\t\t\t\t\t\t\t\t\t\t\t<\/div>\n\t\t\t\t<\/div>\n\t\t\t\t<div class=\"elementor-element elementor-element-7862cbf elementor-widget elementor-widget-heading\" data-id=\"7862cbf\" data-element_type=\"widget\" data-e-type=\"widget\" data-widget_type=\"heading.default\">\n\t\t\t\t<div class=\"elementor-widget-container\">\n\t\t\t\t\t<h2 class=\"elementor-heading-title elementor-size-default\">Progressive Lenses<\/h2>\t\t\t\t<\/div>\n\t\t\t\t<\/div>\n\t\t\t\t<div class=\"elementor-element elementor-element-7e99e44 elementor-widget elementor-widget-text-editor\" data-id=\"7e99e44\" data-element_type=\"widget\" data-e-type=\"widget\" data-widget_type=\"text-editor.default\">\n\t\t\t\t<div class=\"elementor-widget-container\">\n\t\t\t\t\t\t\t\t\t<p>Progressive lenses of WETZLICH with progression on both sides ensure comfortable and wide fields of vision in every zone.<\/p>\t\t\t\t\t\t\t\t<\/div>\n\t\t\t\t<\/div>\n\t\t\t\t<div class=\"elementor-element elementor-element-c3a49f8 elementor-widget elementor-widget-button\" data-id=\"c3a49f8\" data-element_type=\"widget\" data-e-type=\"widget\" data-widget_type=\"button.default\">\n\t\t\t\t<div class=\"elementor-widget-container\">\n\t\t\t\t\t\t\t\t\t<div class=\"elementor-button-wrapper\">\n\t\t\t\t\t<a class=\"elementor-button elementor-button-link elementor-size-sm\" href=\"https:\/\/www.wetzlich.de\/en\/products\/progressive-lenses\/\">\n\t\t\t\t\t\t<span class=\"elementor-button-content-wrapper\">\n\t\t\t\t\t\t<span class=\"elementor-button-icon\">\n\t\t\t\t<i aria-hidden=\"true\" class=\"fas fa-chevron-right\"><\/i>\t\t\t<\/span>\n\t\t\t\t\t\t\t\t\t<span class=\"elementor-button-text\">Progressive Lenses<\/span>\n\t\t\t\t\t<\/span>\n\t\t\t\t\t<\/a>\n\t\t\t\t<\/div>\n\t\t\t\t\t\t\t\t<\/div>\n\t\t\t\t<\/div>\n\t\t\t\t\t<\/div>\n\t\t<\/div>\n\t\t\t\t<div class=\"elementor-column elementor-col-33 elementor-top-column elementor-element elementor-element-e31cceb\" data-id=\"e31cceb\" data-element_type=\"column\" data-e-type=\"column\">\n\t\t\t<div class=\"elementor-widget-wrap elementor-element-populated\">\n\t\t\t\t\t\t<div class=\"elementor-element elementor-element-81d44f6 elementor-widget elementor-widget-image\" data-id=\"81d44f6\" data-element_type=\"widget\" data-e-type=\"widget\" data-widget_type=\"image.default\">\n\t\t\t\t<div class=\"elementor-widget-container\">\n\t\t\t\t\t\t\t\t\t\t\t\t\t\t\t\t<a href=\"https:\/\/www.wetzlich.de\/en\/products\/workplace-lenses\/\">\n\t\t\t\t\t\t\t<img decoding=\"async\" width=\"800\" height=\"531\" src=\"https:\/\/www.wetzlich.de\/wp-content\/uploads\/2023\/11\/Arbeitsplatz-scaled-1-1024x680.jpg\" class=\"attachment-large size-large wp-image-14422\" alt=\"\" srcset=\"https:\/\/www.wetzlich.de\/wp-content\/uploads\/2023\/11\/Arbeitsplatz-scaled-1-1024x680.jpg 1024w, https:\/\/www.wetzlich.de\/wp-content\/uploads\/2023\/11\/Arbeitsplatz-scaled-1-300x199.jpg 300w, https:\/\/www.wetzlich.de\/wp-content\/uploads\/2023\/11\/Arbeitsplatz-scaled-1-768x510.jpg 768w, https:\/\/www.wetzlich.de\/wp-content\/uploads\/2023\/11\/Arbeitsplatz-scaled-1-1536x1020.jpg 1536w, https:\/\/www.wetzlich.de\/wp-content\/uploads\/2023\/11\/Arbeitsplatz-scaled-1-2048x1360.jpg 2048w\" sizes=\"(max-width: 800px) 100vw, 800px\" \/>\t\t\t\t\t\t\t\t<\/a>\n\t\t\t\t\t\t\t\t\t\t\t\t\t\t\t<\/div>\n\t\t\t\t<\/div>\n\t\t\t\t<div class=\"elementor-element elementor-element-d1d7e66 elementor-widget elementor-widget-heading\" data-id=\"d1d7e66\" data-element_type=\"widget\" data-e-type=\"widget\" data-widget_type=\"heading.default\">\n\t\t\t\t<div class=\"elementor-widget-container\">\n\t\t\t\t\t<h2 class=\"elementor-heading-title elementor-size-default\">Occupational Lenses<\/h2>\t\t\t\t<\/div>\n\t\t\t\t<\/div>\n\t\t\t\t<div class=\"elementor-element elementor-element-8220bdd elementor-widget elementor-widget-text-editor\" data-id=\"8220bdd\" data-element_type=\"widget\" data-e-type=\"widget\" data-widget_type=\"text-editor.default\">\n\t\t\t\t<div class=\"elementor-widget-container\">\n\t\t\t\t\t\t\t\t\t<p>Occupational lenses of WETZLICH\u00a0in office glasses ensure the best and most relaxed vision at work, especially when working on screens for long periods.<\/p>\t\t\t\t\t\t\t\t<\/div>\n\t\t\t\t<\/div>\n\t\t\t\t<div class=\"elementor-element elementor-element-9bab58c elementor-widget elementor-widget-button\" data-id=\"9bab58c\" data-element_type=\"widget\" data-e-type=\"widget\" data-widget_type=\"button.default\">\n\t\t\t\t<div class=\"elementor-widget-container\">\n\t\t\t\t\t\t\t\t\t<div class=\"elementor-button-wrapper\">\n\t\t\t\t\t<a class=\"elementor-button elementor-button-link elementor-size-sm\" href=\"https:\/\/www.wetzlich.de\/en\/products\/workplace-lenses\/\">\n\t\t\t\t\t\t<span class=\"elementor-button-content-wrapper\">\n\t\t\t\t\t\t<span class=\"elementor-button-icon\">\n\t\t\t\t<i aria-hidden=\"true\" class=\"fas fa-chevron-right\"><\/i>\t\t\t<\/span>\n\t\t\t\t\t\t\t\t\t<span class=\"elementor-button-text\">Occupational Lenses<\/span>\n\t\t\t\t\t<\/span>\n\t\t\t\t\t<\/a>\n\t\t\t\t<\/div>\n\t\t\t\t\t\t\t\t<\/div>\n\t\t\t\t<\/div>\n\t\t\t\t\t<\/div>\n\t\t<\/div>\n\t\t\t\t\t<\/div>\n\t\t<\/section>\n\t\t\t\t<section class=\"elementor-section elementor-top-section elementor-element elementor-element-e3f4cbe elementor-section-boxed elementor-section-height-default elementor-section-height-default\" data-id=\"e3f4cbe\" data-element_type=\"section\" data-e-type=\"section\">\n\t\t\t\t\t\t<div class=\"elementor-container elementor-column-gap-wide\">\n\t\t\t\t\t<div class=\"elementor-column elementor-col-33 elementor-top-column elementor-element elementor-element-5ec42f1\" data-id=\"5ec42f1\" data-element_type=\"column\" data-e-type=\"column\">\n\t\t\t<div class=\"elementor-widget-wrap elementor-element-populated\">\n\t\t\t\t\t\t<div class=\"elementor-element elementor-element-d3b014d elementor-widget elementor-widget-image\" data-id=\"d3b014d\" data-element_type=\"widget\" data-e-type=\"widget\" data-widget_type=\"image.default\">\n\t\t\t\t<div class=\"elementor-widget-container\">\n\t\t\t\t\t\t\t\t\t\t\t\t\t\t\t\t<a href=\"https:\/\/www.wetzlich.de\/en\/products\/sports-glasses\/\">\n\t\t\t\t\t\t\t<img decoding=\"async\" src=\"https:\/\/www.wetzlich.de\/wp-content\/uploads\/elementor\/thumbs\/sportbrillen-gleaser-2-r54ca30iwr8cpxxg3mr9n4x9k30zmc4ah3zohvs4zk.jpg\" title=\"sportbrillen-gleaser\" alt=\"Sportbrillengl\u00e4ser Gl\u00e4ser f\u00fcr Sportbrillen Brillengl\u00e4ser f\u00fcr Sport Sportgl\u00e4ser Sehst\u00e4rke Sportbrille mit Sehst\u00e4rke Sportoptik Sehst\u00e4rke beim Sport Brille beim Sport tragen\" loading=\"lazy\" \/>\t\t\t\t\t\t\t\t<\/a>\n\t\t\t\t\t\t\t\t\t\t\t\t\t\t\t<\/div>\n\t\t\t\t<\/div>\n\t\t\t\t<div class=\"elementor-element elementor-element-933ca39 elementor-widget elementor-widget-heading\" data-id=\"933ca39\" data-element_type=\"widget\" data-e-type=\"widget\" data-widget_type=\"heading.default\">\n\t\t\t\t<div class=\"elementor-widget-container\">\n\t\t\t\t\t<h2 class=\"elementor-heading-title elementor-size-default\">Sports Lenses<\/h2>\t\t\t\t<\/div>\n\t\t\t\t<\/div>\n\t\t\t\t<div class=\"elementor-element elementor-element-134d0ff elementor-widget elementor-widget-text-editor\" data-id=\"134d0ff\" data-element_type=\"widget\" data-e-type=\"widget\" data-widget_type=\"text-editor.default\">\n\t\t\t\t<div class=\"elementor-widget-container\">\n\t\t\t\t\t\t\t\t\t<p>The sports lenses of WETZLICH ensure optimum vision and meet the highest requirements for sports eyewear. UV protection, infrared protection, polarization and a clear view across the entire lens area.<\/p>\t\t\t\t\t\t\t\t<\/div>\n\t\t\t\t<\/div>\n\t\t\t\t<div class=\"elementor-element elementor-element-f95afc0 elementor-widget elementor-widget-button\" data-id=\"f95afc0\" data-element_type=\"widget\" data-e-type=\"widget\" data-widget_type=\"button.default\">\n\t\t\t\t<div class=\"elementor-widget-container\">\n\t\t\t\t\t\t\t\t\t<div class=\"elementor-button-wrapper\">\n\t\t\t\t\t<a class=\"elementor-button elementor-button-link elementor-size-sm\" href=\"https:\/\/www.wetzlich.de\/en\/products\/sports-glasses\/\">\n\t\t\t\t\t\t<span class=\"elementor-button-content-wrapper\">\n\t\t\t\t\t\t<span class=\"elementor-button-icon\">\n\t\t\t\t<i aria-hidden=\"true\" class=\"fas fa-chevron-right\"><\/i>\t\t\t<\/span>\n\t\t\t\t\t\t\t\t\t<span class=\"elementor-button-text\">Sports Lenses\u200b<\/span>\n\t\t\t\t\t<\/span>\n\t\t\t\t\t<\/a>\n\t\t\t\t<\/div>\n\t\t\t\t\t\t\t\t<\/div>\n\t\t\t\t<\/div>\n\t\t\t\t\t<\/div>\n\t\t<\/div>\n\t\t\t\t<div class=\"elementor-column elementor-col-33 elementor-top-column elementor-element elementor-element-b6df53d\" data-id=\"b6df53d\" data-element_type=\"column\" data-e-type=\"column\">\n\t\t\t<div class=\"elementor-widget-wrap elementor-element-populated\">\n\t\t\t\t\t\t<div class=\"elementor-element elementor-element-bf9a723 elementor-widget elementor-widget-image\" data-id=\"bf9a723\" data-element_type=\"widget\" data-e-type=\"widget\" data-widget_type=\"image.default\">\n\t\t\t\t<div class=\"elementor-widget-container\">\n\t\t\t\t\t\t\t\t\t\t\t\t\t\t\t\t<a href=\"https:\/\/www.wetzlich.de\/en\/products\/drivers-lenses\/\">\n\t\t\t\t\t\t\t<img decoding=\"async\" src=\"https:\/\/www.wetzlich.de\/wp-content\/uploads\/elementor\/thumbs\/Autofahrer-qfg7amb95uuzc9zfbv5uxvxooedhcmscmcoh32zps0.jpg\" title=\"Autofahrer.jpg\" alt=\"Autofahrer.jpg\" loading=\"lazy\" \/>\t\t\t\t\t\t\t\t<\/a>\n\t\t\t\t\t\t\t\t\t\t\t\t\t\t\t<\/div>\n\t\t\t\t<\/div>\n\t\t\t\t<div class=\"elementor-element elementor-element-e5231fe elementor-widget elementor-widget-heading\" data-id=\"e5231fe\" data-element_type=\"widget\" data-e-type=\"widget\" data-widget_type=\"heading.default\">\n\t\t\t\t<div class=\"elementor-widget-container\">\n\t\t\t\t\t<h2 class=\"elementor-heading-title elementor-size-default\">Driver's Lenses<\/h2>\t\t\t\t<\/div>\n\t\t\t\t<\/div>\n\t\t\t\t<div class=\"elementor-element elementor-element-628c159 elementor-widget elementor-widget-text-editor\" data-id=\"628c159\" data-element_type=\"widget\" data-e-type=\"widget\" data-widget_type=\"text-editor.default\">\n\t\t\t\t<div class=\"elementor-widget-container\">\n\t\t\t\t\t\t\t\t\t<p>Our lenses for drivers bring together all the new technical possibilities to provide an optimum product for the discerning driver.<\/p>\t\t\t\t\t\t\t\t<\/div>\n\t\t\t\t<\/div>\n\t\t\t\t<div class=\"elementor-element elementor-element-03dc1cd elementor-widget elementor-widget-button\" data-id=\"03dc1cd\" data-element_type=\"widget\" data-e-type=\"widget\" data-widget_type=\"button.default\">\n\t\t\t\t<div class=\"elementor-widget-container\">\n\t\t\t\t\t\t\t\t\t<div class=\"elementor-button-wrapper\">\n\t\t\t\t\t<a class=\"elementor-button elementor-button-link elementor-size-sm\" href=\"https:\/\/www.wetzlich.de\/en\/products\/drivers-lenses\/\">\n\t\t\t\t\t\t<span class=\"elementor-button-content-wrapper\">\n\t\t\t\t\t\t<span class=\"elementor-button-icon\">\n\t\t\t\t<i aria-hidden=\"true\" class=\"fas fa-chevron-right\"><\/i>\t\t\t<\/span>\n\t\t\t\t\t\t\t\t\t<span class=\"elementor-button-text\">Driver's Lenses<\/span>\n\t\t\t\t\t<\/span>\n\t\t\t\t\t<\/a>\n\t\t\t\t<\/div>\n\t\t\t\t\t\t\t\t<\/div>\n\t\t\t\t<\/div>\n\t\t\t\t\t<\/div>\n\t\t<\/div>\n\t\t\t\t<div class=\"elementor-column elementor-col-33 elementor-top-column elementor-element elementor-element-39ff347\" data-id=\"39ff347\" data-element_type=\"column\" data-e-type=\"column\" data-settings=\"{&quot;background_background&quot;:&quot;classic&quot;,&quot;background_motion_fx_motion_fx_mouse&quot;:&quot;yes&quot;}\">\n\t\t\t<div class=\"elementor-widget-wrap elementor-element-populated\">\n\t\t\t\t\t<div class=\"elementor-background-overlay\"><\/div>\n\t\t\t\t<div class=\"elementor-element elementor-element-6326141 e-flex e-con-boxed e-con e-parent\" data-id=\"6326141\" data-element_type=\"container\" data-e-type=\"container\">\n\t\t\t\t\t<div class=\"e-con-inner\">\n\t\t\t\t<div class=\"elementor-element elementor-element-6f1fe66 elementor-widget elementor-widget-heading\" data-id=\"6f1fe66\" data-element_type=\"widget\" data-e-type=\"widget\" data-widget_type=\"heading.default\">\n\t\t\t\t<div class=\"elementor-widget-container\">\n\t\t\t\t\t<h2 class=\"elementor-heading-title elementor-size-default\">Clean Lenses<br><b>Correctly<\/b><\/h2>\t\t\t\t<\/div>\n\t\t\t\t<\/div>\n\t\t\t\t<div class=\"elementor-element elementor-element-ae2a4b4 elementor-widget__width-initial elementor-widget elementor-widget-text-editor\" data-id=\"ae2a4b4\" data-element_type=\"widget\" data-e-type=\"widget\" data-widget_type=\"text-editor.default\">\n\t\t\t\t<div class=\"elementor-widget-container\">\n\t\t\t\t\t\t\t\t\t<p>The no-gos when cleaning lenses &amp; how to care for your glasses properly.<\/p><p>Expert tips for clean, scratch-free and long-lasting glasses.<\/p>\t\t\t\t\t\t\t\t<\/div>\n\t\t\t\t<\/div>\n\t\t\t\t<div class=\"elementor-element elementor-element-408ff70 elementor-widget elementor-widget-button\" data-id=\"408ff70\" data-element_type=\"widget\" data-e-type=\"widget\" data-widget_type=\"button.default\">\n\t\t\t\t<div class=\"elementor-widget-container\">\n\t\t\t\t\t\t\t\t\t<div class=\"elementor-button-wrapper\">\n\t\t\t\t\t<a class=\"elementor-button elementor-button-link elementor-size-sm\" href=\"https:\/\/www.wetzlich.de\/en\/clean-lenses-correctly\/\">\n\t\t\t\t\t\t<span class=\"elementor-button-content-wrapper\">\n\t\t\t\t\t\t<span class=\"elementor-button-icon\">\n\t\t\t\t<i aria-hidden=\"true\" class=\"fas fa-chevron-right\"><\/i>\t\t\t<\/span>\n\t\t\t\t\t\t\t\t\t<span class=\"elementor-button-text\">Lens Care<\/span>\n\t\t\t\t\t<\/span>\n\t\t\t\t\t<\/a>\n\t\t\t\t<\/div>\n\t\t\t\t\t\t\t\t<\/div>\n\t\t\t\t<\/div>\n\t\t\t\t\t<\/div>\n\t\t\t\t<\/div>\n\t\t\t\t\t<\/div>\n\t\t<\/div>\n\t\t\t\t\t<\/div>\n\t\t<\/section>\n\t\t\t\t<\/div>\n\t\t","protected":false},"excerpt":{"rendered":"<p>LENSES BY Wetzlich Find out more about lenses by WETZLICH \u2013 quality made in Germany. Single-Vision Lenses The single vision lenses of WETZLICH\u00a0ensure optimum vision. Aspherical and multi-aspherical lenses in particular ensure less distortion. Single-Vision Lenses Progressive Lenses Progressive lenses of WETZLICH with progression on both sides ensure comfortable and wide fields of vision in [&hellip;]<\/p>\n","protected":false},"author":8,"featured_media":0,"parent":0,"menu_order":0,"comment_status":"closed","ping_status":"closed","template":"","meta":{"footnotes":""},"categories":[],"tags":[],"class_list":["post-5764","page","type-page","status-publish","hentry"],"_links":{"self":[{"href":"https:\/\/www.wetzlich.de\/en\/wp-json\/wp\/v2\/pages\/5764","targetHints":{"allow":["GET"]}}],"collection":[{"href":"https:\/\/www.wetzlich.de\/en\/wp-json\/wp\/v2\/pages"}],"about":[{"href":"https:\/\/www.wetzlich.de\/en\/wp-json\/wp\/v2\/types\/page"}],"author":[{"embeddable":true,"href":"https:\/\/www.wetzlich.de\/en\/wp-json\/wp\/v2\/users\/8"}],"replies":[{"embeddable":true,"href":"https:\/\/www.wetzlich.de\/en\/wp-json\/wp\/v2\/comments?post=5764"}],"version-history":[{"count":39,"href":"https:\/\/www.wetzlich.de\/en\/wp-json\/wp\/v2\/pages\/5764\/revisions"}],"predecessor-version":[{"id":29401,"href":"https:\/\/www.wetzlich.de\/en\/wp-json\/wp\/v2\/pages\/5764\/revisions\/29401"}],"wp:attachment":[{"href":"https:\/\/www.wetzlich.de\/en\/wp-json\/wp\/v2\/media?parent=5764"}],"wp:term":[{"taxonomy":"category","embeddable":true,"href":"https:\/\/www.wetzlich.de\/en\/wp-json\/wp\/v2\/categories?post=5764"},{"taxonomy":"post_tag","embeddable":true,"href":"https:\/\/www.wetzlich.de\/en\/wp-json\/wp\/v2\/tags?post=5764"}],"curies":[{"name":"wp","href":"https:\/\/api.w.org\/{rel}","templated":true}]}}