{"id":6032,"date":"2021-02-14T19:03:42","date_gmt":"2021-02-14T18:03:42","guid":{"rendered":"https:\/\/wetzlich.detayls-dev.de\/?page_id=6032"},"modified":"2024-10-30T15:13:17","modified_gmt":"2024-10-30T14:13:17","slug":"imprint","status":"publish","type":"page","link":"https:\/\/www.wetzlich.de\/en\/imprint\/","title":{"rendered":"Imprint"},"content":{"rendered":"\t\t<div data-elementor-type=\"wp-page\" data-elementor-id=\"6032\" class=\"elementor elementor-6032 elementor-117\" data-elementor-post-type=\"page\">\n\t\t\t\t\t\t<section class=\"elementor-section elementor-top-section elementor-element elementor-element-7dba703 elementor-section-boxed elementor-section-height-default elementor-section-height-default\" data-id=\"7dba703\" data-element_type=\"section\" data-e-type=\"section\">\n\t\t\t\t\t\t<div class=\"elementor-container elementor-column-gap-default\">\n\t\t\t\t\t<div class=\"elementor-column elementor-col-50 elementor-top-column elementor-element elementor-element-1ad9304\" data-id=\"1ad9304\" data-element_type=\"column\" data-e-type=\"column\">\n\t\t\t<div class=\"elementor-widget-wrap elementor-element-populated\">\n\t\t\t\t\t\t<div class=\"elementor-element elementor-element-722aaf7 impressum elementor-widget elementor-widget-text-editor\" data-id=\"722aaf7\" data-element_type=\"widget\" data-e-type=\"widget\" data-widget_type=\"text-editor.default\">\n\t\t\t\t<div class=\"elementor-widget-container\">\n\t\t\t\t\t\t\t\t\t<h1>Imprint<\/h1><h3>Verantwortlich f\u00fcr den Inhalt:<\/h3><p class=\"Paragraph\" align=\"left\"><span lang=\"DE\">Wetzlich Optik-Pr\u00e4zision GmbH<br \/><\/span>Friedrich-Ebert-Str. 9-11<br \/>41352 Korschenbroich<\/p><p class=\"Paragraph\" align=\"left\"><span lang=\"DE\">Telefon: +49 2161 56 33 &#8211; 0<br \/>Telefax: +49 21 62 3708 153<br \/>E-Mail: <a href=\"mailto:info@wetzlich.de\">info@wetzlich.de<\/a><\/span><\/p><p class=\"Paragraph\" align=\"left\"><span lang=\"DE\">Internet: https:\/\/www.wetzlich.de\/wetzlich<\/span><\/p><p class=\"Paragraph\" align=\"left\"><span lang=\"DE\">Wetzlich Optik-Pr\u00e4zision GmbH wird vertreten durch: <br \/>Gesch\u00e4ftsf\u00fchrer Thorsten Wagemann &amp; Florian Gisch<\/span><\/p><ul><li>ID.nr. gem\u00e4\u00df \u00a727a Umsatzsteuergesetz: DE119113520<\/li><li>Registergericht: Amtsgericht Neuss Registernummer: HRB 24089<\/li><li>Steuernummer: 102\/5855\/0238<\/li><li>Datenschutzbeauftragter: <a href=\"mailto:datenschutz@wetzlich.de\">datenschutz@wetzlich.de<\/a><\/li><li>Inhaltlich Verantwortlicher gem\u00e4\u00df \u00a755 Rundfunkstaatsvertrag (RStV): <br \/>Florian Gisch, Friedrich-Ebert-Str. 9-11,\u00a041352 Korschenbroich<\/li><li>Dieses Impressum wurde erstellt und wird laufend aktualisiert durch die janolaw AG.<\/li><\/ul><p class=\"Paragraph\" align=\"left\"><strong>IMPRINT<\/strong><\/p><p>Wetzlich Optik-Pr\u00e4zision GmbH<br \/>Friedrich-Ebert-Str. 9-11<br \/>41352 Korschenbroich<\/p><p>Phone: +49 2161 56 33 &#8211; 0<br \/>Fax: +49 21 62 3708 153<br \/>E-Mail: <a href=\"mailto:info@wetzlich.de\">info@wetzlich.de<\/a><\/p><p>Internet: <a href=\"https:\/\/www.wetzlich.de\/wetzlich\">https:\/\/www.wetzlich.de\/wetzlich<\/a><\/p><p>Wetzlich Optik-Pr\u00e4zision GmbH is represented by: CEO Thorsten Wagemann &amp; Florian Gisch<\/p><p>Register jurisdiction: Amtsgericht Neuss<br \/>Commercial Register<br \/>Registration number: 24089<\/p><p><em>Umsatzsteuer-Identifikationsnummer\u00a0<\/em>(VAT identification number) according to \u00a7 27a of the\u00a0<em>Umsatzsteuergesetz<\/em>\u00a0(<em>UStG<\/em>, Sales Tax Law): DE119113520<\/p><p>Responsible for contents according to \u00a7 55\u00a0<em>Rundfunkstaatsvertrag<\/em>\u00a0(<em>RStV<\/em>, Broadcast Services State Treaty): Florian Gisch<\/p><p>Document produced and updated by\u00a0<a href=\"https:\/\/www.datenschutz-janolaw.de\/\">janolaw AG<\/a>.<\/p><p><strong>MENTIONS L\u00c9GALES<\/strong><\/p><p>Wetzlich Optik-Pr\u00e4zision GmbH<br \/>Friedrich-Ebert-Str. 9-11<br \/>41352 Korschenbroich<\/p><p>T\u00e9l\u00e9phone: +49 2161 56 33 &#8211; 0<br \/>Fax: +49 21 62 3708 153<br \/>Courriel: <a href=\"mailto:info@wetzlich.de\">info@wetzlich.de<\/a><\/p><p>Internet: <a href=\"https:\/\/www.wetzlich.de\/wetzlich\">https:\/\/www.wetzlich.de\/wetzlich<\/a><\/p><p>Wetzlich Optik-Pr\u00e4zision GmbH est repr\u00e9sent\u00e9e par: CEO \u00a0Thorsten Wagemann &amp; Florian Gisch<\/p><p>Tribunal d\u2019enregistrement: Amtsgericht Neuss<br \/>Registre du commerce<br \/>Num\u00e9ro d\u2019enregistrement: 24089<\/p><p><em>Umsatzsteuer-Identifikationsnummer<\/em>\u00a0(Num\u00e9ro d\u2019identification \u00e0 la TVA) conform\u00e9ment au \u00a7\u00a027a\u00a0<em>Umsatzsteuergesetz<\/em>\u00a0(<em>UStG<\/em>, loi relative \u00e0 la taxe sur le chiffre d\u2019affaires): DE119113520<\/p><p>Responsable du contenu conform\u00e9ment au \u00a7 55 du\u00a0<em>Rundfunkstaatsvertrag<\/em>\u00a0(<em>RStV<\/em>, trait\u00e9 relatif \u00e0 la radiodiffusion): Florian Gisch<\/p><p>Document cr\u00e9\u00e9 et r\u00e9guli\u00e8rement mis \u00e0 jour par\u00a0<a href=\"https:\/\/www.datenschutz-janolaw.de\/\">janolaw AG<\/a><\/p>\t\t\t\t\t\t\t\t<\/div>\n\t\t\t\t<\/div>\n\t\t\t\t<div class=\"elementor-element elementor-element-77797cf elementor-widget elementor-widget-toggle\" data-id=\"77797cf\" data-element_type=\"widget\" data-e-type=\"widget\" data-widget_type=\"toggle.default\">\n\t\t\t\t<div class=\"elementor-widget-container\">\n\t\t\t\t\t\t\t<div class=\"elementor-toggle\">\n\t\t\t\t\t\t\t<div class=\"elementor-toggle-item\">\n\t\t\t\t\t<div id=\"elementor-tab-title-1251\" class=\"elementor-tab-title\" data-tab=\"1\" role=\"button\" aria-controls=\"elementor-tab-content-1251\" aria-expanded=\"false\">\n\t\t\t\t\t\t\t\t\t\t\t\t<span class=\"elementor-toggle-icon elementor-toggle-icon-left\" aria-hidden=\"true\">\n\t\t\t\t\t\t\t\t\t\t\t\t\t\t\t<span class=\"elementor-toggle-icon-closed\"><i class=\"fas fa-caret-right\"><\/i><\/span>\n\t\t\t\t\t\t\t\t<span class=\"elementor-toggle-icon-opened\"><i class=\"elementor-toggle-icon-opened fas fa-caret-up\"><\/i><\/span>\n\t\t\t\t\t\t\t\t\t\t\t\t\t<\/span>\n\t\t\t\t\t\t\t\t\t\t\t\t<a class=\"elementor-toggle-title\" tabindex=\"0\">Bildquellen<\/a>\n\t\t\t\t\t<\/div>\n\n\t\t\t\t\t<div id=\"elementor-tab-content-1251\" class=\"elementor-tab-content elementor-clearfix\" data-tab=\"1\" role=\"region\" aria-labelledby=\"elementor-tab-title-1251\"><p>\u00a9stock.adobe.com, \u00a9fotolia.com, \u00a9shutterstock.com, \u00a9iStockphoto.com, \u00a9corbisimages.com, envato-elements.com, wetzlich.de<\/p><p><img fetchpriority=\"high\" decoding=\"async\" src=\"https:\/\/www.wetzlich.de\/wp-content\/uploads\/2022\/04\/downloads-header-300x200.jpg\" alt=\"\" width=\"300\" height=\"200\" \/><\/p><p>\u00a9 satapatms &#8211; stock.adobe.com<\/p><\/div>\n\t\t\t\t<\/div>\n\t\t\t\t\t\t\t\t<\/div>\n\t\t\t\t\t\t<\/div>\n\t\t\t\t<\/div>\n\t\t\t\t\t<\/div>\n\t\t<\/div>\n\t\t\t\t<div class=\"elementor-column elementor-col-50 elementor-top-column elementor-element elementor-element-491d36e\" data-id=\"491d36e\" data-element_type=\"column\" data-e-type=\"column\">\n\t\t\t<div class=\"elementor-widget-wrap\">\n\t\t\t\t\t\t\t<\/div>\n\t\t<\/div>\n\t\t\t\t\t<\/div>\n\t\t<\/section>\n\t\t\t\t<\/div>\n\t\t","protected":false},"excerpt":{"rendered":"<p>Imprint Verantwortlich f\u00fcr den Inhalt: Wetzlich Optik-Pr\u00e4zision GmbHFriedrich-Ebert-Str. 9-1141352 Korschenbroich Telefon: +49 2161 56 33 &#8211; 0Telefax: +49 21 62 3708 153E-Mail: info@wetzlich.de Internet: https:\/\/www.wetzlich.de\/wetzlich Wetzlich Optik-Pr\u00e4zision GmbH wird vertreten durch: Gesch\u00e4ftsf\u00fchrer Thorsten Wagemann &amp; Florian Gisch ID.nr. gem\u00e4\u00df \u00a727a Umsatzsteuergesetz: DE119113520 Registergericht: Amtsgericht Neuss Registernummer: HRB 24089 Steuernummer: 102\/5855\/0238 Datenschutzbeauftragter: datenschutz@wetzlich.de Inhaltlich Verantwortlicher gem\u00e4\u00df [&hellip;]<\/p>\n","protected":false},"author":8,"featured_media":0,"parent":0,"menu_order":0,"comment_status":"closed","ping_status":"closed","template":"","meta":{"footnotes":""},"categories":[],"tags":[],"class_list":["post-6032","page","type-page","status-publish","hentry"],"_links":{"self":[{"href":"https:\/\/www.wetzlich.de\/en\/wp-json\/wp\/v2\/pages\/6032","targetHints":{"allow":["GET"]}}],"collection":[{"href":"https:\/\/www.wetzlich.de\/en\/wp-json\/wp\/v2\/pages"}],"about":[{"href":"https:\/\/www.wetzlich.de\/en\/wp-json\/wp\/v2\/types\/page"}],"author":[{"embeddable":true,"href":"https:\/\/www.wetzlich.de\/en\/wp-json\/wp\/v2\/users\/8"}],"replies":[{"embeddable":true,"href":"https:\/\/www.wetzlich.de\/en\/wp-json\/wp\/v2\/comments?post=6032"}],"version-history":[{"count":3,"href":"https:\/\/www.wetzlich.de\/en\/wp-json\/wp\/v2\/pages\/6032\/revisions"}],"predecessor-version":[{"id":19424,"href":"https:\/\/www.wetzlich.de\/en\/wp-json\/wp\/v2\/pages\/6032\/revisions\/19424"}],"wp:attachment":[{"href":"https:\/\/www.wetzlich.de\/en\/wp-json\/wp\/v2\/media?parent=6032"}],"wp:term":[{"taxonomy":"category","embeddable":true,"href":"https:\/\/www.wetzlich.de\/en\/wp-json\/wp\/v2\/categories?post=6032"},{"taxonomy":"post_tag","embeddable":true,"href":"https:\/\/www.wetzlich.de\/en\/wp-json\/wp\/v2\/tags?post=6032"}],"curies":[{"name":"wp","href":"https:\/\/api.w.org\/{rel}","templated":true}]}}