{"id":22244,"date":"2025-02-25T13:16:52","date_gmt":"2025-02-25T12:16:52","guid":{"rendered":"https:\/\/www.wetzlich.de\/productos\/"},"modified":"2025-08-27T12:55:13","modified_gmt":"2025-08-27T10:55:13","slug":"productos","status":"publish","type":"page","link":"https:\/\/www.wetzlich.de\/es\/productos\/","title":{"rendered":"Productos"},"content":{"rendered":"\t\t<div data-elementor-type=\"wp-page\" data-elementor-id=\"22244\" class=\"elementor elementor-22244 elementor-566\" data-elementor-post-type=\"page\">\n\t\t\t\t\t\t<section class=\"elementor-section elementor-top-section elementor-element elementor-element-2ea9eaa elementor-section-height-min-height elementor-section-content-top elementor-section-items-top elementor-section-boxed elementor-section-height-default\" data-id=\"2ea9eaa\" data-element_type=\"section\" data-e-type=\"section\" data-settings=\"{&quot;background_background&quot;:&quot;classic&quot;}\">\n\t\t\t\t\t\t\t<div class=\"elementor-background-overlay\"><\/div>\n\t\t\t\t\t\t\t<div class=\"elementor-container elementor-column-gap-no\">\n\t\t\t\t\t<div class=\"elementor-column elementor-col-50 elementor-top-column elementor-element elementor-element-a6e3243\" data-id=\"a6e3243\" data-element_type=\"column\" data-e-type=\"column\">\n\t\t\t<div class=\"elementor-widget-wrap elementor-element-populated\">\n\t\t\t\t\t\t<div class=\"elementor-element elementor-element-24fd51c elementor-widget elementor-widget-heading\" data-id=\"24fd51c\" data-element_type=\"widget\" data-e-type=\"widget\" data-widget_type=\"heading.default\">\n\t\t\t\t<div class=\"elementor-widget-container\">\n\t\t\t\t\t<h1 class=\"elementor-heading-title elementor-size-default\">Lentes de Wetzlich<\/h1>\t\t\t\t<\/div>\n\t\t\t\t<\/div>\n\t\t\t\t<div class=\"elementor-element elementor-element-24be640 elementor-widget elementor-widget-text-editor\" data-id=\"24be640\" data-element_type=\"widget\" data-e-type=\"widget\" data-widget_type=\"text-editor.default\">\n\t\t\t\t<div class=\"elementor-widget-container\">\n\t\t\t\t\t\t\t\t\t<p>M\u00e1s informaci\u00f3n sobre las lentes de Wetzlich &#8211;<br \/>Calidad Made in Germany.<\/p>\t\t\t\t\t\t\t\t<\/div>\n\t\t\t\t<\/div>\n\t\t\t\t\t<\/div>\n\t\t<\/div>\n\t\t\t\t<div class=\"elementor-column elementor-col-50 elementor-top-column elementor-element elementor-element-ec5225d elementor-hidden-mobile\" data-id=\"ec5225d\" data-element_type=\"column\" data-e-type=\"column\">\n\t\t\t<div class=\"elementor-widget-wrap\">\n\t\t\t\t\t\t\t<\/div>\n\t\t<\/div>\n\t\t\t\t\t<\/div>\n\t\t<\/section>\n\t\t\t\t<section class=\"elementor-section elementor-top-section elementor-element elementor-element-6b11f59 elementor-section-boxed elementor-section-height-default elementor-section-height-default\" data-id=\"6b11f59\" data-element_type=\"section\" data-e-type=\"section\">\n\t\t\t\t\t\t<div class=\"elementor-container elementor-column-gap-wide\">\n\t\t\t\t\t<div class=\"elementor-column elementor-col-33 elementor-top-column elementor-element elementor-element-9132011\" data-id=\"9132011\" data-element_type=\"column\" data-e-type=\"column\">\n\t\t\t<div class=\"elementor-widget-wrap elementor-element-populated\">\n\t\t\t\t\t\t<div class=\"elementor-element elementor-element-45f1d34 elementor-widget elementor-widget-image\" data-id=\"45f1d34\" data-element_type=\"widget\" data-e-type=\"widget\" data-widget_type=\"image.default\">\n\t\t\t\t<div class=\"elementor-widget-container\">\n\t\t\t\t\t\t\t\t\t\t\t\t\t\t\t\t<a href=\"https:\/\/www.wetzlich.de\/es\/productos\/lentes-monofocales\/\">\n\t\t\t\t\t\t\t<img fetchpriority=\"high\" decoding=\"async\" width=\"768\" height=\"383\" src=\"https:\/\/www.wetzlich.de\/wp-content\/uploads\/2025\/03\/einstaerkenglaeser-brille-wetzlich-1-1-768x383.jpg\" class=\"attachment-medium_large size-medium_large wp-image-24496\" alt=\"Einst\u00e4rkengl\u00e4ser Wetzlich Qualit\u00e4tsbrillengl\u00e4ser produziert in Deutschland\" srcset=\"https:\/\/www.wetzlich.de\/wp-content\/uploads\/2025\/03\/einstaerkenglaeser-brille-wetzlich-1-1-768x383.jpg 768w, https:\/\/www.wetzlich.de\/wp-content\/uploads\/2025\/03\/einstaerkenglaeser-brille-wetzlich-1-1-300x150.jpg 300w, https:\/\/www.wetzlich.de\/wp-content\/uploads\/2025\/03\/einstaerkenglaeser-brille-wetzlich-1-1-1024x511.jpg 1024w, https:\/\/www.wetzlich.de\/wp-content\/uploads\/2025\/03\/einstaerkenglaeser-brille-wetzlich-1-1-1536x767.jpg 1536w, https:\/\/www.wetzlich.de\/wp-content\/uploads\/2025\/03\/einstaerkenglaeser-brille-wetzlich-1-1.jpg 1903w\" sizes=\"(max-width: 768px) 100vw, 768px\" \/>\t\t\t\t\t\t\t\t<\/a>\n\t\t\t\t\t\t\t\t\t\t\t\t\t\t\t<\/div>\n\t\t\t\t<\/div>\n\t\t\t\t<div class=\"elementor-element elementor-element-d4aa2a0 elementor-widget elementor-widget-heading\" data-id=\"d4aa2a0\" data-element_type=\"widget\" data-e-type=\"widget\" data-widget_type=\"heading.default\">\n\t\t\t\t<div class=\"elementor-widget-container\">\n\t\t\t\t\t<h2 class=\"elementor-heading-title elementor-size-default\">Lentes monofocales<\/h2>\t\t\t\t<\/div>\n\t\t\t\t<\/div>\n\t\t\t\t<div class=\"elementor-element elementor-element-05c30f2 elementor-widget elementor-widget-text-editor\" data-id=\"05c30f2\" data-element_type=\"widget\" data-e-type=\"widget\" data-widget_type=\"text-editor.default\">\n\t\t\t\t<div class=\"elementor-widget-container\">\n\t\t\t\t\t\t\t\t\t<p>Las lentes monofocales de Wetzlich garantizan una visi\u00f3n \u00f3ptima. En particular, las lentes asf\u00e9ricas y multiasf\u00e9ricas garantizan una menor distorsi\u00f3n. <\/p>\n\t\t\t\t\t\t\t\t<\/div>\n\t\t\t\t<\/div>\n\t\t\t\t<div class=\"elementor-element elementor-element-2d8d0e5 elementor-widget elementor-widget-button\" data-id=\"2d8d0e5\" data-element_type=\"widget\" data-e-type=\"widget\" data-widget_type=\"button.default\">\n\t\t\t\t<div class=\"elementor-widget-container\">\n\t\t\t\t\t\t\t\t\t<div class=\"elementor-button-wrapper\">\n\t\t\t\t\t<a class=\"elementor-button elementor-button-link elementor-size-sm\" href=\"https:\/\/www.wetzlich.de\/es\/productos\/lentes-monofocales\/\">\n\t\t\t\t\t\t<span class=\"elementor-button-content-wrapper\">\n\t\t\t\t\t\t<span class=\"elementor-button-icon\">\n\t\t\t\t<i aria-hidden=\"true\" class=\"fas fa-chevron-right\"><\/i>\t\t\t<\/span>\n\t\t\t\t\t\t\t\t\t<span class=\"elementor-button-text\">Lentes monofocales<\/span>\n\t\t\t\t\t<\/span>\n\t\t\t\t\t<\/a>\n\t\t\t\t<\/div>\n\t\t\t\t\t\t\t\t<\/div>\n\t\t\t\t<\/div>\n\t\t\t\t\t<\/div>\n\t\t<\/div>\n\t\t\t\t<div class=\"elementor-column elementor-col-33 elementor-top-column elementor-element elementor-element-4df1aa8\" data-id=\"4df1aa8\" data-element_type=\"column\" data-e-type=\"column\">\n\t\t\t<div class=\"elementor-widget-wrap elementor-element-populated\">\n\t\t\t\t\t\t<div class=\"elementor-element elementor-element-6fab352 elementor-widget elementor-widget-image\" data-id=\"6fab352\" data-element_type=\"widget\" data-e-type=\"widget\" data-widget_type=\"image.default\">\n\t\t\t\t<div class=\"elementor-widget-container\">\n\t\t\t\t\t\t\t\t\t\t\t\t\t\t\t\t<a href=\"https:\/\/www.wetzlich.de\/es\/productos\/lentes-progresivas\/\">\n\t\t\t\t\t\t\t<img decoding=\"async\" width=\"800\" height=\"399\" src=\"https:\/\/www.wetzlich.de\/wp-content\/uploads\/2025\/04\/gleitsichtglaeser-brille-wetzlich-1024x511.jpg\" class=\"attachment-large size-large wp-image-25389\" alt=\"Gleitsichtbrillen\nBeste Sicht, bester Tragekomfort und Spontanvertr\u00e4glichkeit\" srcset=\"https:\/\/www.wetzlich.de\/wp-content\/uploads\/2025\/04\/gleitsichtglaeser-brille-wetzlich-1024x511.jpg 1024w, https:\/\/www.wetzlich.de\/wp-content\/uploads\/2025\/04\/gleitsichtglaeser-brille-wetzlich-300x150.jpg 300w, https:\/\/www.wetzlich.de\/wp-content\/uploads\/2025\/04\/gleitsichtglaeser-brille-wetzlich-768x383.jpg 768w, https:\/\/www.wetzlich.de\/wp-content\/uploads\/2025\/04\/gleitsichtglaeser-brille-wetzlich-1536x767.jpg 1536w, https:\/\/www.wetzlich.de\/wp-content\/uploads\/2025\/04\/gleitsichtglaeser-brille-wetzlich.jpg 1903w\" sizes=\"(max-width: 800px) 100vw, 800px\" \/>\t\t\t\t\t\t\t\t<\/a>\n\t\t\t\t\t\t\t\t\t\t\t\t\t\t\t<\/div>\n\t\t\t\t<\/div>\n\t\t\t\t<div class=\"elementor-element elementor-element-fdce162 elementor-widget elementor-widget-heading\" data-id=\"fdce162\" data-element_type=\"widget\" data-e-type=\"widget\" data-widget_type=\"heading.default\">\n\t\t\t\t<div class=\"elementor-widget-container\">\n\t\t\t\t\t<h2 class=\"elementor-heading-title elementor-size-default\">Lentes progresivas<\/h2>\t\t\t\t<\/div>\n\t\t\t\t<\/div>\n\t\t\t\t<div class=\"elementor-element elementor-element-b553fd0 elementor-widget elementor-widget-text-editor\" data-id=\"b553fd0\" data-element_type=\"widget\" data-e-type=\"widget\" data-widget_type=\"text-editor.default\">\n\t\t\t\t<div class=\"elementor-widget-container\">\n\t\t\t\t\t\t\t\t\t<p>Las lentes progresivas de Wetzlich con progresi\u00f3n a ambos lados garantizan campos de visi\u00f3n c\u00f3modos y amplios en todas las zonas.<\/p>\n\t\t\t\t\t\t\t\t<\/div>\n\t\t\t\t<\/div>\n\t\t\t\t<div class=\"elementor-element elementor-element-1afc821 elementor-widget elementor-widget-button\" data-id=\"1afc821\" data-element_type=\"widget\" data-e-type=\"widget\" data-widget_type=\"button.default\">\n\t\t\t\t<div class=\"elementor-widget-container\">\n\t\t\t\t\t\t\t\t\t<div class=\"elementor-button-wrapper\">\n\t\t\t\t\t<a class=\"elementor-button elementor-button-link elementor-size-sm\" href=\"https:\/\/www.wetzlich.de\/es\/productos\/lentes-progresivas\/\">\n\t\t\t\t\t\t<span class=\"elementor-button-content-wrapper\">\n\t\t\t\t\t\t<span class=\"elementor-button-icon\">\n\t\t\t\t<i aria-hidden=\"true\" class=\"fas fa-chevron-right\"><\/i>\t\t\t<\/span>\n\t\t\t\t\t\t\t\t\t<span class=\"elementor-button-text\">Lentes progresivas<\/span>\n\t\t\t\t\t<\/span>\n\t\t\t\t\t<\/a>\n\t\t\t\t<\/div>\n\t\t\t\t\t\t\t\t<\/div>\n\t\t\t\t<\/div>\n\t\t\t\t\t<\/div>\n\t\t<\/div>\n\t\t\t\t<div class=\"elementor-column elementor-col-33 elementor-top-column elementor-element elementor-element-96a97d6\" data-id=\"96a97d6\" data-element_type=\"column\" data-e-type=\"column\">\n\t\t\t<div class=\"elementor-widget-wrap elementor-element-populated\">\n\t\t\t\t\t\t<div class=\"elementor-element elementor-element-b50157b elementor-widget elementor-widget-image\" data-id=\"b50157b\" data-element_type=\"widget\" data-e-type=\"widget\" data-widget_type=\"image.default\">\n\t\t\t\t<div class=\"elementor-widget-container\">\n\t\t\t\t\t\t\t\t\t\t\t\t\t\t\t\t<a href=\"https:\/\/www.wetzlich.de\/es\/productos\/gafas-de-trabajo\/\">\n\t\t\t\t\t\t\t<img decoding=\"async\" width=\"800\" height=\"531\" src=\"https:\/\/www.wetzlich.de\/wp-content\/uploads\/2020\/03\/Arbeitsplatz-1024x680.jpg\" class=\"attachment-large size-large wp-image-2818\" alt=\"Arbeitsplatzgl\u00e4ser\" srcset=\"https:\/\/www.wetzlich.de\/wp-content\/uploads\/2020\/03\/Arbeitsplatz-1024x680.jpg 1024w, https:\/\/www.wetzlich.de\/wp-content\/uploads\/2020\/03\/Arbeitsplatz-300x199.jpg 300w, https:\/\/www.wetzlich.de\/wp-content\/uploads\/2020\/03\/Arbeitsplatz-768x510.jpg 768w, https:\/\/www.wetzlich.de\/wp-content\/uploads\/2020\/03\/Arbeitsplatz-1536x1020.jpg 1536w, https:\/\/www.wetzlich.de\/wp-content\/uploads\/2020\/03\/Arbeitsplatz-2048x1360.jpg 2048w\" sizes=\"(max-width: 800px) 100vw, 800px\" \/>\t\t\t\t\t\t\t\t<\/a>\n\t\t\t\t\t\t\t\t\t\t\t\t\t\t\t<\/div>\n\t\t\t\t<\/div>\n\t\t\t\t<div class=\"elementor-element elementor-element-6f25bf3 elementor-widget elementor-widget-heading\" data-id=\"6f25bf3\" data-element_type=\"widget\" data-e-type=\"widget\" data-widget_type=\"heading.default\">\n\t\t\t\t<div class=\"elementor-widget-container\">\n\t\t\t\t\t<h2 class=\"elementor-heading-title elementor-size-default\">Lentes ocupacionales<\/h2>\t\t\t\t<\/div>\n\t\t\t\t<\/div>\n\t\t\t\t<div class=\"elementor-element elementor-element-b4e924d elementor-widget elementor-widget-text-editor\" data-id=\"b4e924d\" data-element_type=\"widget\" data-e-type=\"widget\" data-widget_type=\"text-editor.default\">\n\t\t\t\t<div class=\"elementor-widget-container\">\n\t\t\t\t\t\t\t\t\t<p>Las lentes ocupacionales de Wetzlich en gafas de trabajo garantizan la mejor y m\u00e1s relajada visi\u00f3n en el trabajo, especialmente cuando se trabaja en pantallas durante largos periodos.<\/p>\t\t\t\t\t\t\t\t<\/div>\n\t\t\t\t<\/div>\n\t\t\t\t<div class=\"elementor-element elementor-element-83a756f elementor-widget elementor-widget-button\" data-id=\"83a756f\" data-element_type=\"widget\" data-e-type=\"widget\" data-widget_type=\"button.default\">\n\t\t\t\t<div class=\"elementor-widget-container\">\n\t\t\t\t\t\t\t\t\t<div class=\"elementor-button-wrapper\">\n\t\t\t\t\t<a class=\"elementor-button elementor-button-link elementor-size-sm\" href=\"https:\/\/www.wetzlich.de\/es\/productos\/gafas-de-trabajo\/\">\n\t\t\t\t\t\t<span class=\"elementor-button-content-wrapper\">\n\t\t\t\t\t\t<span class=\"elementor-button-icon\">\n\t\t\t\t<i aria-hidden=\"true\" class=\"fas fa-chevron-right\"><\/i>\t\t\t<\/span>\n\t\t\t\t\t\t\t\t\t<span class=\"elementor-button-text\">Lentes ocupacionales<\/span>\n\t\t\t\t\t<\/span>\n\t\t\t\t\t<\/a>\n\t\t\t\t<\/div>\n\t\t\t\t\t\t\t\t<\/div>\n\t\t\t\t<\/div>\n\t\t\t\t\t<\/div>\n\t\t<\/div>\n\t\t\t\t\t<\/div>\n\t\t<\/section>\n\t\t\t\t<section class=\"elementor-section elementor-top-section elementor-element elementor-element-7b1638b elementor-section-boxed elementor-section-height-default elementor-section-height-default\" data-id=\"7b1638b\" data-element_type=\"section\" data-e-type=\"section\">\n\t\t\t\t\t\t<div class=\"elementor-container elementor-column-gap-wide\">\n\t\t\t\t\t<div class=\"elementor-column elementor-col-33 elementor-top-column elementor-element elementor-element-20047c0\" data-id=\"20047c0\" data-element_type=\"column\" data-e-type=\"column\">\n\t\t\t<div class=\"elementor-widget-wrap elementor-element-populated\">\n\t\t\t\t\t\t<div class=\"elementor-element elementor-element-b96db79 elementor-widget elementor-widget-image\" data-id=\"b96db79\" data-element_type=\"widget\" data-e-type=\"widget\" data-widget_type=\"image.default\">\n\t\t\t\t<div class=\"elementor-widget-container\">\n\t\t\t\t\t\t\t\t\t\t\t\t\t\t\t\t<a href=\"https:\/\/www.wetzlich.de\/es\/productos\/gafas-deportivas\/\">\n\t\t\t\t\t\t\t<img decoding=\"async\" src=\"https:\/\/www.wetzlich.de\/wp-content\/uploads\/elementor\/thumbs\/sportbrillen-gleaser-2-r54ca30iwr8cpxxg3mr9n4x9k30zmc4ah3zohvs4zk.jpg\" title=\"sportbrillen-gleaser\" alt=\"Sportbrillengl\u00e4ser Gl\u00e4ser f\u00fcr Sportbrillen Brillengl\u00e4ser f\u00fcr Sport Sportgl\u00e4ser Sehst\u00e4rke Sportbrille mit Sehst\u00e4rke Sportoptik Sehst\u00e4rke beim Sport Brille beim Sport tragen\" loading=\"lazy\" \/>\t\t\t\t\t\t\t\t<\/a>\n\t\t\t\t\t\t\t\t\t\t\t\t\t\t\t<\/div>\n\t\t\t\t<\/div>\n\t\t\t\t<div class=\"elementor-element elementor-element-63d856d elementor-widget elementor-widget-heading\" data-id=\"63d856d\" data-element_type=\"widget\" data-e-type=\"widget\" data-widget_type=\"heading.default\">\n\t\t\t\t<div class=\"elementor-widget-container\">\n\t\t\t\t\t<h2 class=\"elementor-heading-title elementor-size-default\">Lentes deportivas<\/h2>\t\t\t\t<\/div>\n\t\t\t\t<\/div>\n\t\t\t\t<div class=\"elementor-element elementor-element-daabad3 elementor-widget elementor-widget-text-editor\" data-id=\"daabad3\" data-element_type=\"widget\" data-e-type=\"widget\" data-widget_type=\"text-editor.default\">\n\t\t\t\t<div class=\"elementor-widget-container\">\n\t\t\t\t\t\t\t\t\t<p>Las lentes deportivas de Wetzlich garantizan una visi\u00f3n \u00f3ptima y cumplen los requisitos m\u00e1s exigentes de las gafas deportivas. Protecci\u00f3n UV, protecci\u00f3n infrarroja, polarizaci\u00f3n y una visi\u00f3n clara en toda la superficie de la lente. <\/p>\n\t\t\t\t\t\t\t\t<\/div>\n\t\t\t\t<\/div>\n\t\t\t\t<div class=\"elementor-element elementor-element-07fd9d2 elementor-widget elementor-widget-button\" data-id=\"07fd9d2\" data-element_type=\"widget\" data-e-type=\"widget\" data-widget_type=\"button.default\">\n\t\t\t\t<div class=\"elementor-widget-container\">\n\t\t\t\t\t\t\t\t\t<div class=\"elementor-button-wrapper\">\n\t\t\t\t\t<a class=\"elementor-button elementor-button-link elementor-size-sm\" href=\"https:\/\/www.wetzlich.de\/es\/productos\/gafas-deportivas\/\">\n\t\t\t\t\t\t<span class=\"elementor-button-content-wrapper\">\n\t\t\t\t\t\t<span class=\"elementor-button-icon\">\n\t\t\t\t<i aria-hidden=\"true\" class=\"fas fa-chevron-right\"><\/i>\t\t\t<\/span>\n\t\t\t\t\t\t\t\t\t<span class=\"elementor-button-text\">Lentes deportivas<\/span>\n\t\t\t\t\t<\/span>\n\t\t\t\t\t<\/a>\n\t\t\t\t<\/div>\n\t\t\t\t\t\t\t\t<\/div>\n\t\t\t\t<\/div>\n\t\t\t\t\t<\/div>\n\t\t<\/div>\n\t\t\t\t<div class=\"elementor-column elementor-col-33 elementor-top-column elementor-element elementor-element-8e766fd\" data-id=\"8e766fd\" data-element_type=\"column\" data-e-type=\"column\">\n\t\t\t<div class=\"elementor-widget-wrap elementor-element-populated\">\n\t\t\t\t\t\t<div class=\"elementor-element elementor-element-dd3a6a1 elementor-widget elementor-widget-image\" data-id=\"dd3a6a1\" data-element_type=\"widget\" data-e-type=\"widget\" data-widget_type=\"image.default\">\n\t\t\t\t<div class=\"elementor-widget-container\">\n\t\t\t\t\t\t\t\t\t\t\t\t\t\t\t\t<a href=\"https:\/\/www.wetzlich.de\/es\/productos\/gafas-de-conduccion\/\">\n\t\t\t\t\t\t\t<img decoding=\"async\" src=\"https:\/\/www.wetzlich.de\/wp-content\/uploads\/elementor\/thumbs\/Autofahrer-punm0ozd7tw8ffqoncjtyebqx4600gjv398kpvjj9c.jpg\" title=\"Autofahrergl\u00e4ser\" alt=\"Autofahrergl\u00e4ser\" loading=\"lazy\" \/>\t\t\t\t\t\t\t\t<\/a>\n\t\t\t\t\t\t\t\t\t\t\t\t\t\t\t<\/div>\n\t\t\t\t<\/div>\n\t\t\t\t<div class=\"elementor-element elementor-element-72d03ad elementor-widget elementor-widget-heading\" data-id=\"72d03ad\" data-element_type=\"widget\" data-e-type=\"widget\" data-widget_type=\"heading.default\">\n\t\t\t\t<div class=\"elementor-widget-container\">\n\t\t\t\t\t<h2 class=\"elementor-heading-title elementor-size-default\">Lentes para conductor<\/h2>\t\t\t\t<\/div>\n\t\t\t\t<\/div>\n\t\t\t\t<div class=\"elementor-element elementor-element-aa21c98 elementor-widget elementor-widget-text-editor\" data-id=\"aa21c98\" data-element_type=\"widget\" data-e-type=\"widget\" data-widget_type=\"text-editor.default\">\n\t\t\t\t<div class=\"elementor-widget-container\">\n\t\t\t\t\t\t\t\t\t<p>Nuestras lentes de conducci\u00f3n re\u00fanen todas las posibilidades t\u00e9cnicas m\u00e1s recientes para ofrecer un producto \u00f3ptimo al conductor exigente.<\/p>\t\t\t\t\t\t\t\t<\/div>\n\t\t\t\t<\/div>\n\t\t\t\t<div class=\"elementor-element elementor-element-753d59d elementor-widget elementor-widget-button\" data-id=\"753d59d\" data-element_type=\"widget\" data-e-type=\"widget\" data-widget_type=\"button.default\">\n\t\t\t\t<div class=\"elementor-widget-container\">\n\t\t\t\t\t\t\t\t\t<div class=\"elementor-button-wrapper\">\n\t\t\t\t\t<a class=\"elementor-button elementor-button-link elementor-size-sm\" href=\"https:\/\/www.wetzlich.de\/es\/productos\/gafas-de-conduccion\/\">\n\t\t\t\t\t\t<span class=\"elementor-button-content-wrapper\">\n\t\t\t\t\t\t<span class=\"elementor-button-icon\">\n\t\t\t\t<i aria-hidden=\"true\" class=\"fas fa-chevron-right\"><\/i>\t\t\t<\/span>\n\t\t\t\t\t\t\t\t\t<span class=\"elementor-button-text\">Lentes para conductor<\/span>\n\t\t\t\t\t<\/span>\n\t\t\t\t\t<\/a>\n\t\t\t\t<\/div>\n\t\t\t\t\t\t\t\t<\/div>\n\t\t\t\t<\/div>\n\t\t\t\t\t<\/div>\n\t\t<\/div>\n\t\t\t\t<div class=\"elementor-column elementor-col-33 elementor-top-column elementor-element elementor-element-abd5640\" data-id=\"abd5640\" data-element_type=\"column\" data-e-type=\"column\" data-settings=\"{&quot;background_background&quot;:&quot;classic&quot;,&quot;background_motion_fx_motion_fx_mouse&quot;:&quot;yes&quot;}\">\n\t\t\t<div class=\"elementor-widget-wrap\">\n\t\t\t\t\t<div class=\"elementor-background-overlay\"><\/div>\n\t\t\t\t\t\t\t<\/div>\n\t\t<\/div>\n\t\t\t\t\t<\/div>\n\t\t<\/section>\n\t\t\t\t<section class=\"elementor-section elementor-top-section elementor-element elementor-element-ab5e3a6 elementor-section-content-top elementor-section-boxed elementor-section-height-default elementor-section-height-default\" data-id=\"ab5e3a6\" data-element_type=\"section\" data-e-type=\"section\" data-settings=\"{&quot;background_background&quot;:&quot;classic&quot;}\">\n\t\t\t\t\t\t<div class=\"elementor-container elementor-column-gap-no\">\n\t\t\t\t\t<div class=\"elementor-column elementor-col-100 elementor-top-column elementor-element elementor-element-1ce1e63\" data-id=\"1ce1e63\" data-element_type=\"column\" data-e-type=\"column\">\n\t\t\t<div class=\"elementor-widget-wrap elementor-element-populated\">\n\t\t\t\t\t\t<div class=\"elementor-element elementor-element-9ee29a1 elementor-widget elementor-widget-heading\" data-id=\"9ee29a1\" data-element_type=\"widget\" data-e-type=\"widget\" data-widget_type=\"heading.default\">\n\t\t\t\t<div class=\"elementor-widget-container\">\n\t\t\t\t\t<h2 class=\"elementor-heading-title elementor-size-default\">\u00bfTienes alguna pregunta sobre nuestras lentes o alguna otra duda?<\/h2>\t\t\t\t<\/div>\n\t\t\t\t<\/div>\n\t\t\t\t<section class=\"elementor-section elementor-inner-section elementor-element elementor-element-82ca0e5 elementor-section-boxed elementor-section-height-default elementor-section-height-default\" data-id=\"82ca0e5\" data-element_type=\"section\" data-e-type=\"section\">\n\t\t\t\t\t\t<div class=\"elementor-container elementor-column-gap-default\">\n\t\t\t\t\t<div class=\"elementor-column elementor-col-33 elementor-inner-column elementor-element elementor-element-d098fab\" data-id=\"d098fab\" data-element_type=\"column\" data-e-type=\"column\">\n\t\t\t<div class=\"elementor-widget-wrap elementor-element-populated\">\n\t\t\t\t\t\t<div class=\"elementor-element elementor-element-75a721a elementor-widget elementor-widget-text-editor\" data-id=\"75a721a\" data-element_type=\"widget\" data-e-type=\"widget\" data-widget_type=\"text-editor.default\">\n\t\t\t\t<div class=\"elementor-widget-container\">\n\t\t\t\t\t\t\t\t\t<p>Ll\u00e1manos o escr\u00edbenos<\/p>\n\t\t\t\t\t\t\t\t<\/div>\n\t\t\t\t<\/div>\n\t\t\t\t\t<\/div>\n\t\t<\/div>\n\t\t\t\t<div class=\"elementor-column elementor-col-33 elementor-inner-column elementor-element elementor-element-4e45a81\" data-id=\"4e45a81\" data-element_type=\"column\" data-e-type=\"column\">\n\t\t\t<div class=\"elementor-widget-wrap elementor-element-populated\">\n\t\t\t\t\t\t<div class=\"elementor-element elementor-element-461430c elementor-icon-list--layout-traditional elementor-list-item-link-full_width elementor-widget elementor-widget-icon-list\" data-id=\"461430c\" data-element_type=\"widget\" data-e-type=\"widget\" data-widget_type=\"icon-list.default\">\n\t\t\t\t<div class=\"elementor-widget-container\">\n\t\t\t\t\t\t\t<ul class=\"elementor-icon-list-items\">\n\t\t\t\t\t\t\t<li class=\"elementor-icon-list-item\">\n\t\t\t\t\t\t\t\t\t\t\t<a href=\"tel:+49216156330\">\n\n\t\t\t\t\t\t\t\t\t\t\t\t<span class=\"elementor-icon-list-icon\">\n\t\t\t\t\t\t\t<i aria-hidden=\"true\" class=\"fas fa-phone\"><\/i>\t\t\t\t\t\t<\/span>\n\t\t\t\t\t\t\t\t\t\t<span class=\"elementor-icon-list-text\">+49 2161 56 33 - 0<\/span>\n\t\t\t\t\t\t\t\t\t\t\t<\/a>\n\t\t\t\t\t\t\t\t\t<\/li>\n\t\t\t\t\t\t\t\t<li class=\"elementor-icon-list-item\">\n\t\t\t\t\t\t\t\t\t\t\t<a href=\"mailto:info@wetzlich.de\">\n\n\t\t\t\t\t\t\t\t\t\t\t\t<span class=\"elementor-icon-list-icon\">\n\t\t\t\t\t\t\t<i aria-hidden=\"true\" class=\"far fa-envelope\"><\/i>\t\t\t\t\t\t<\/span>\n\t\t\t\t\t\t\t\t\t\t<span class=\"elementor-icon-list-text\">info@wetzlich.de<\/span>\n\t\t\t\t\t\t\t\t\t\t\t<\/a>\n\t\t\t\t\t\t\t\t\t<\/li>\n\t\t\t\t\t\t<\/ul>\n\t\t\t\t\t\t<\/div>\n\t\t\t\t<\/div>\n\t\t\t\t\t<\/div>\n\t\t<\/div>\n\t\t\t\t<div class=\"elementor-column elementor-col-33 elementor-inner-column elementor-element elementor-element-3408f46\" data-id=\"3408f46\" data-element_type=\"column\" data-e-type=\"column\">\n\t\t\t<div class=\"elementor-widget-wrap\">\n\t\t\t\t\t\t\t<\/div>\n\t\t<\/div>\n\t\t\t\t\t<\/div>\n\t\t<\/section>\n\t\t\t\t\t<\/div>\n\t\t<\/div>\n\t\t\t\t\t<\/div>\n\t\t<\/section>\n\t\t\t\t<\/div>\n\t\t","protected":false},"excerpt":{"rendered":"<p>Lentes de Wetzlich M\u00e1s informaci\u00f3n sobre las lentes de Wetzlich &#8211;Calidad Made in Germany. Lentes monofocales Las lentes monofocales de Wetzlich garantizan una visi\u00f3n \u00f3ptima. En particular, las lentes asf\u00e9ricas y multiasf\u00e9ricas garantizan una menor distorsi\u00f3n. Lentes monofocales Lentes progresivas Las lentes progresivas de Wetzlich con progresi\u00f3n a ambos lados garantizan campos de visi\u00f3n c\u00f3modos [&hellip;]<\/p>\n","protected":false},"author":8,"featured_media":0,"parent":0,"menu_order":0,"comment_status":"closed","ping_status":"closed","template":"","meta":{"footnotes":""},"categories":[],"tags":[],"class_list":["post-22244","page","type-page","status-publish","hentry"],"_links":{"self":[{"href":"https:\/\/www.wetzlich.de\/es\/wp-json\/wp\/v2\/pages\/22244","targetHints":{"allow":["GET"]}}],"collection":[{"href":"https:\/\/www.wetzlich.de\/es\/wp-json\/wp\/v2\/pages"}],"about":[{"href":"https:\/\/www.wetzlich.de\/es\/wp-json\/wp\/v2\/types\/page"}],"author":[{"embeddable":true,"href":"https:\/\/www.wetzlich.de\/es\/wp-json\/wp\/v2\/users\/8"}],"replies":[{"embeddable":true,"href":"https:\/\/www.wetzlich.de\/es\/wp-json\/wp\/v2\/comments?post=22244"}],"version-history":[{"count":32,"href":"https:\/\/www.wetzlich.de\/es\/wp-json\/wp\/v2\/pages\/22244\/revisions"}],"predecessor-version":[{"id":29404,"href":"https:\/\/www.wetzlich.de\/es\/wp-json\/wp\/v2\/pages\/22244\/revisions\/29404"}],"wp:attachment":[{"href":"https:\/\/www.wetzlich.de\/es\/wp-json\/wp\/v2\/media?parent=22244"}],"wp:term":[{"taxonomy":"category","embeddable":true,"href":"https:\/\/www.wetzlich.de\/es\/wp-json\/wp\/v2\/categories?post=22244"},{"taxonomy":"post_tag","embeddable":true,"href":"https:\/\/www.wetzlich.de\/es\/wp-json\/wp\/v2\/tags?post=22244"}],"curies":[{"name":"wp","href":"https:\/\/api.w.org\/{rel}","templated":true}]}}