{"id":22271,"date":"2025-02-25T13:18:56","date_gmt":"2025-02-25T12:18:56","guid":{"rendered":"https:\/\/www.wetzlich.de\/pie-de-imprenta\/"},"modified":"2025-03-19T10:33:58","modified_gmt":"2025-03-19T09:33:58","slug":"pie-de-imprenta","status":"publish","type":"page","link":"https:\/\/www.wetzlich.de\/es\/pie-de-imprenta\/","title":{"rendered":"Pie de imprenta"},"content":{"rendered":"\t\t<div data-elementor-type=\"wp-page\" data-elementor-id=\"22271\" class=\"elementor elementor-22271 elementor-117\" data-elementor-post-type=\"page\">\n\t\t\t\t\t\t<section class=\"elementor-section elementor-top-section elementor-element elementor-element-569c6e6 elementor-section-boxed elementor-section-height-default elementor-section-height-default\" data-id=\"569c6e6\" data-element_type=\"section\" data-e-type=\"section\">\n\t\t\t\t\t\t<div class=\"elementor-container elementor-column-gap-default\">\n\t\t\t\t\t<div class=\"elementor-column elementor-col-50 elementor-top-column elementor-element elementor-element-536b2b3\" data-id=\"536b2b3\" data-element_type=\"column\" data-e-type=\"column\">\n\t\t\t<div class=\"elementor-widget-wrap elementor-element-populated\">\n\t\t\t\t\t\t<div class=\"elementor-element elementor-element-d0d60db impressum elementor-widget elementor-widget-text-editor\" data-id=\"d0d60db\" data-element_type=\"widget\" data-e-type=\"widget\" data-widget_type=\"text-editor.default\">\n\t\t\t\t<div class=\"elementor-widget-container\">\n\t\t\t\t\t\t\t\t\t<h1>Pie de imprenta<\/h1>\n<h2> <\/h2>\n<h2>Responsable del contenido:<\/h2>\n<p align=\"left\"><span lang=\"DE\">Wetzlich Optik-Pr\u00e4zision GmbH<br \/><\/span>Friedrich-Ebert-Str. 9-11<br \/>41352 Korschenbroich <\/p>\n<p align=\"left\"><span lang=\"DE\">Tel\u00e9fono: +49 21 61 56 33 &#8211; 0<br \/>Fax: +49 21 61 56 33 29<br \/>Correo electr\u00f3nico: <a href=\"mailto:info@wetzlich.de\">info@wetzlich.de<\/a><\/span><\/p>\n<p align=\"left\"><span lang=\"DE\">Internet: www.wetzlich.de<\/span><\/p>\n<p align=\"left\"><span lang=\"DE\">Wetzlich Optik-Pr\u00e4zision GmbH est\u00e1 representada por: <br \/>Director General Thorsten Wagemann y Florian Gisch<\/span><\/p>\n<ul>\n<li>N.I.F. seg\u00fan \u00a727a ley del impuesto sobre las ventas: DE119113520 <\/li>\n<li>Registra el tribunal:  <span class=\"ui-provider a b c d e f g h i j k l m n o p q r s t u v w x y z ab ac ae af ag ah ai aj ak\" dir=\"ltr\">Juzgado de Primera Instancia de Neuss HRB n\u00ba 24089 <\/span><\/li>\n<li>N\u00famero de identificaci\u00f3n fiscal: 102\/5855\/0238<\/li>\n<li>Responsable de la protecci\u00f3n de datos: <a href=\"mailto:datenschutz@wetzlich.de\">datenschutz@wetzlich.de<\/a><\/li>\n<li>Responsable del contenido seg\u00fan \u00a755 Rundfunkstaatsvertrag (RStV): <br \/>Florian Gisch, Friedrich-Ebert-Str. 9-11, 41352 Korschenbroich <\/li>\n<li>Este aviso legal ha sido creado y se actualiza continuamente por janolaw AG.<\/li>\n<\/ul>\n<h4><strong>IMPRIME<\/strong><\/h4>\n<p>Wetzlich Optik-Pr\u00e4zision GmbH<br \/>Friedrich-Ebert-Str. 9-11<br \/>41352 Korschenbroich <\/p>\n<p>Tel\u00e9fono: <span lang=\"DE\">+49 2161 56 33 &#8211; 0<br \/>Fax: +49 21 61 56 33 29<\/span><br \/>Correo electr\u00f3nico: <a href=\"mailto:info@wetzlich.de\">info@wetzlich.de<\/a><\/p>\n<p>Internet: <a href=\"https:\/\/www.wetzlich.de\/es\/\"><span lang=\"DE\">www.wetzlich.de<\/span><\/a><\/p>\n<p>Wetzlich Optik-Pr\u00e4zision GmbH est\u00e1 representada por: CEO Thorsten Wagemann y Florian Gisch<\/p>\n<p>Jurisdicci\u00f3n del registro: <span class=\"ui-provider a b c d e f g h i j k l m n o p q r s t u v w x y z ab ac ae af ag ah ai aj ak\" dir=\"ltr\">Tribunal Local de Neuss<\/span><br \/>Registro Mercantil<br \/>N\u00famero de registro: <span class=\"ui-provider a b c d e f g h i j k l m n o p q r s t u v w x y z ab ac ae af ag ah ai aj ak\" dir=\"ltr\">24089<\/span><\/p>\n<p><em>N\u00famero de identificaci\u00f3n a efectos del impuesto <\/em> sobre el volumen de negocios (n\u00famero de identificaci\u00f3n a efectos del IVA) seg\u00fan el \u00a7 27a de la <em>Umsatzsteuergesetz<\/em><em>(UStG<\/em>, Ley del Impuesto sobre el Volumen de Negocios): DE119113520<\/p>\n<p>Responsable de contenidos seg\u00fan \u00a7 55 <em>Rundfunkstaatsvertrag<\/em><em>(RStV<\/em>, Tratado Estatal de Servicios de Radiodifusi\u00f3n): Florian Gisch<\/p>\n<p>Documento elaborado y actualizado por <a href=\"https:\/\/www.datenschutz-janolaw.de\/\">janolaw AG<\/a>.<\/p>\n<p><strong>MENCIONES LEGALES<\/strong><\/p>\n<p>Wetzlich Optik-Pr\u00e4zision GmbH<br \/>Friedrich-Ebert-Str. 9-11<br \/>41352 Korschenbroich <\/p>\n<p>Tel\u00e9fono: +49 2161 56 33 &#8211; 0<br \/>Fax: <span lang=\"DE\">+49 21 61 56 33 29<\/span><br \/>Correo electr\u00f3nico: <a href=\"mailto:info@wetzlich.de\">info@wetzlich.de<\/a><\/p>\n<p>Internet: <a href=\"https:\/\/www.wetzlich.de\/es\/\"><span lang=\"DE\">www.wetzlich.de<\/span><\/a><\/p>\n<p>Wetzlich Optik-Pr\u00e4zision GmbH est repr\u00e9sent\u00e9e par: CEO Thorsten Wagemann &amp; Florian Gisch<\/p>\n<p>Tribunal de registro: Tribunal Local de Neuss<br \/>Registro de comercio<br \/>N\u00famero de registro: 24089<\/p>\n<p>N\u00famero de identificaci\u00f3n a efectos <em>del<\/em> IVA (Num\u00e9ro d&#8217;identification \u00e0 la TVA) conform\u00e9ment au \u00a7 27a <em>Umsatzsteuergesetz<\/em><em>(UStG<\/em>, loi relative \u00e0 la taxe sur le chiffre d&#8217;affaires): DE119113520<\/p>\n<p>Responsable del contenido conforme al \u00a7 55 del <em>Rundfunkstaatsvertrag<\/em><em>(RStV<\/em>, tratado relativo a la radiodifusi\u00f3n): Florian Gisch<\/p>\n<p>Document cr\u00e9\u00e9 et r\u00e9guli\u00e8rement mis \u00e0 jour par <a href=\"https:\/\/www.datenschutz-janolaw.de\/\">janolaw AG<\/a><\/p>\n\t\t\t\t\t\t\t\t<\/div>\n\t\t\t\t<\/div>\n\t\t\t\t<div class=\"elementor-element elementor-element-e34c546 elementor-widget elementor-widget-toggle\" data-id=\"e34c546\" data-element_type=\"widget\" data-e-type=\"widget\" data-widget_type=\"toggle.default\">\n\t\t\t\t<div class=\"elementor-widget-container\">\n\t\t\t\t\t\t\t<div class=\"elementor-toggle\">\n\t\t\t\t\t\t\t<div class=\"elementor-toggle-item\">\n\t\t\t\t\t<div id=\"elementor-tab-title-2381\" class=\"elementor-tab-title\" data-tab=\"1\" role=\"button\" aria-controls=\"elementor-tab-content-2381\" aria-expanded=\"false\">\n\t\t\t\t\t\t\t\t\t\t\t\t<span class=\"elementor-toggle-icon elementor-toggle-icon-left\" aria-hidden=\"true\">\n\t\t\t\t\t\t\t\t\t\t\t\t\t\t\t<span class=\"elementor-toggle-icon-closed\"><i class=\"fas fa-caret-right\"><\/i><\/span>\n\t\t\t\t\t\t\t\t<span class=\"elementor-toggle-icon-opened\"><i class=\"elementor-toggle-icon-opened fas fa-caret-up\"><\/i><\/span>\n\t\t\t\t\t\t\t\t\t\t\t\t\t<\/span>\n\t\t\t\t\t\t\t\t\t\t\t\t<a class=\"elementor-toggle-title\" tabindex=\"0\">Fuentes de im\u00e1genes<\/a>\n\t\t\t\t\t<\/div>\n\n\t\t\t\t\t<div id=\"elementor-tab-content-2381\" class=\"elementor-tab-content elementor-clearfix\" data-tab=\"1\" role=\"region\" aria-labelledby=\"elementor-tab-title-2381\"><p>\u00a9stock.adobe.com, \u00a9fotolia.com, \u00a9shutterstock.com, \u00a9iStockphoto.com, \u00a9corbisimages.com, envato-elements.com, wetzlich.de<\/p>\n<p><img fetchpriority=\"high\" decoding=\"async\" src=\"https:\/\/www.wetzlich.de\/wp-content\/uploads\/2022\/04\/downloads-header-300x200.jpg\" alt=\"\" width=\"300\" height=\"200\"><\/p>\n<p>\u00a9 satapatms &#8211; stock.adobe.com<\/p>\n<\/div>\n\t\t\t\t<\/div>\n\t\t\t\t\t\t\t\t<\/div>\n\t\t\t\t\t\t<\/div>\n\t\t\t\t<\/div>\n\t\t\t\t\t<\/div>\n\t\t<\/div>\n\t\t\t\t<div class=\"elementor-column elementor-col-50 elementor-top-column elementor-element elementor-element-6a4f538\" data-id=\"6a4f538\" data-element_type=\"column\" data-e-type=\"column\">\n\t\t\t<div class=\"elementor-widget-wrap\">\n\t\t\t\t\t\t\t<\/div>\n\t\t<\/div>\n\t\t\t\t\t<\/div>\n\t\t<\/section>\n\t\t\t\t<\/div>\n\t\t","protected":false},"excerpt":{"rendered":"<p>Pie de imprenta Responsable del contenido: Wetzlich Optik-Pr\u00e4zision GmbH Friedrich-Ebert-Str. 9-11 41352 Korschenbroich Tel\u00e9fono: +49 21 61 56 33 &#8211; 0 Fax: +49 21 61 56 33 29 Correo electr\u00f3nico: info@wetzlich.de Internet: www.wetzlich.de Wetzlich Optik-Pr\u00e4zision GmbH est\u00e1 representada por: Director General Thorsten Wagemann y Florian Gisch N.I.F. seg\u00fan \u00a727a ley del impuesto sobre las ventas: [&hellip;]<\/p>\n","protected":false},"author":8,"featured_media":0,"parent":0,"menu_order":0,"comment_status":"closed","ping_status":"closed","template":"","meta":{"footnotes":""},"categories":[],"tags":[],"class_list":["post-22271","page","type-page","status-publish","hentry"],"_links":{"self":[{"href":"https:\/\/www.wetzlich.de\/es\/wp-json\/wp\/v2\/pages\/22271","targetHints":{"allow":["GET"]}}],"collection":[{"href":"https:\/\/www.wetzlich.de\/es\/wp-json\/wp\/v2\/pages"}],"about":[{"href":"https:\/\/www.wetzlich.de\/es\/wp-json\/wp\/v2\/types\/page"}],"author":[{"embeddable":true,"href":"https:\/\/www.wetzlich.de\/es\/wp-json\/wp\/v2\/users\/8"}],"replies":[{"embeddable":true,"href":"https:\/\/www.wetzlich.de\/es\/wp-json\/wp\/v2\/comments?post=22271"}],"version-history":[{"count":3,"href":"https:\/\/www.wetzlich.de\/es\/wp-json\/wp\/v2\/pages\/22271\/revisions"}],"predecessor-version":[{"id":23950,"href":"https:\/\/www.wetzlich.de\/es\/wp-json\/wp\/v2\/pages\/22271\/revisions\/23950"}],"wp:attachment":[{"href":"https:\/\/www.wetzlich.de\/es\/wp-json\/wp\/v2\/media?parent=22271"}],"wp:term":[{"taxonomy":"category","embeddable":true,"href":"https:\/\/www.wetzlich.de\/es\/wp-json\/wp\/v2\/categories?post=22271"},{"taxonomy":"post_tag","embeddable":true,"href":"https:\/\/www.wetzlich.de\/es\/wp-json\/wp\/v2\/tags?post=22271"}],"curies":[{"name":"wp","href":"https:\/\/api.w.org\/{rel}","templated":true}]}}